{"id":1267,"date":"2017-11-10T11:13:30","date_gmt":"2017-11-10T10:13:30","guid":{"rendered":"http:\/\/liederkranz-pohl-goens.de\/?page_id=1267"},"modified":"2018-12-11T10:20:45","modified_gmt":"2018-12-11T09:20:45","slug":"das-jahr-2017","status":"publish","type":"page","link":"https:\/\/liederkranz-pohl-goens.de\/index.php\/chronik\/das-jahr-2017\/","title":{"rendered":"Das Jahr 2017"},"content":{"rendered":"<p><span style=\"font-size: 18pt;\"><strong>2017<\/strong><\/span> war ein sch\u00f6nes Jahr mit einem traurigen Einschnitt<\/p>\n<p>Der Terminkalender war wie immer gut gef\u00fcllt. Sowohl mit eigenen Ereignissen als auch als Helfer bei anderen Vereinen.<img loading=\"lazy\" decoding=\"async\" class=\"size-medium wp-image-1353 alignright\" src=\"https:\/\/liederkranz-pohl-goens.de\/wp-content\/uploads\/2018\/01\/IMG_0604-300x225.jpg\" alt=\"\" width=\"300\" height=\"225\" srcset=\"https:\/\/liederkranz-pohl-goens.de\/wp-content\/uploads\/2018\/01\/IMG_0604-300x225.jpg 300w, https:\/\/liederkranz-pohl-goens.de\/wp-content\/uploads\/2018\/01\/IMG_0604-768x576.jpg 768w, https:\/\/liederkranz-pohl-goens.de\/wp-content\/uploads\/2018\/01\/IMG_0604-1024x768.jpg 1024w, https:\/\/liederkranz-pohl-goens.de\/wp-content\/uploads\/2018\/01\/IMG_0604-960x720.jpg 960w, https:\/\/liederkranz-pohl-goens.de\/wp-content\/uploads\/2018\/01\/IMG_0604.jpg 1600w\" sizes=\"auto, (max-width: 300px) 100vw, 300px\" \/><\/p>\n<p style=\"text-align: justify;\">Ausserplanm\u00e4\u00dfig wurde von uns am 11.03.17 die Neuer\u00f6ffnung des Bauzentrum Gerhardt mit einigen Liedern untermalt. Was uns nicht davon abhielt, zuvor unserem goldenen Hochzeitspaar Margot und Lothar Morkel in der Kirche mit 2 Liedern eine Freude zu machen.<\/p>\n<p style=\"text-align: justify;\">Der Intensiv Proben Tag am 14.05.17 wurde mit einem Fr\u00fchlingskonzert mit den Gast-Ch\u00f6ren &#8218;Sangesfreunde Kleebachtal&#8216; sowie &#8218;Harmonie&#8216; Froschhausen abgeschlossen.<\/p>\n<p style=\"text-align: justify;\">Leider hatten wir am 23.05.17 die traurige Aufgabe unsere langj\u00e4hrige erste Vorsitzenden Elke Binzer zu verabschieden. \u00a0Daher wurde der Chorwettbewerb in Horbach abgesagt.<\/p>\n<p>Das Festival der Harmonie Lindenholzhausen unterst\u00fctzen wir am 26.05.17 mit 20 Helfern.<\/p>\n<p><img loading=\"lazy\" decoding=\"async\" class=\" wp-image-1355 alignleft\" src=\"https:\/\/liederkranz-pohl-goens.de\/wp-content\/uploads\/2018\/01\/IMG_0495-172x300.jpg\" alt=\"\" width=\"164\" height=\"286\" srcset=\"https:\/\/liederkranz-pohl-goens.de\/wp-content\/uploads\/2018\/01\/IMG_0495-172x300.jpg 172w, https:\/\/liederkranz-pohl-goens.de\/wp-content\/uploads\/2018\/01\/IMG_0495-768x1343.jpg 768w, https:\/\/liederkranz-pohl-goens.de\/wp-content\/uploads\/2018\/01\/IMG_0495-586x1024.jpg 586w, https:\/\/liederkranz-pohl-goens.de\/wp-content\/uploads\/2018\/01\/IMG_0495-960x1679.jpg 960w, https:\/\/liederkranz-pohl-goens.de\/wp-content\/uploads\/2018\/01\/IMG_0495.jpg 1497w\" sizes=\"auto, (max-width: 164px) 100vw, 164px\" \/><\/p>\n<p style=\"text-align: justify;\">Zur Vorbereitung auf den Chorwettbewerb in H\u00fcttenberg am 25.06.17 \u00a0hatte Martin uns mit einer Chorprobe mit \u00a0Virginia Bono \u00fcberrascht. Locuras wurde \u00a0mit \u00a0viel Hingabe geprobt.<\/p>\n<p style=\"text-align: justify;\">In der Klasse &#8218;Gemischte Ch\u00f6re ab 36 S\u00e4nger\/innen&#8216; erzielten wir mit 21,6 Punkten ein Silber Diplom.<\/p>\n<p><img loading=\"lazy\" decoding=\"async\" class=\"size-medium wp-image-1098 alignright\" src=\"https:\/\/liederkranz-pohl-goens.de\/wp-content\/uploads\/2017\/08\/Ortsbegehung2017-213x300.jpg\" alt=\"\" width=\"213\" height=\"300\" srcset=\"https:\/\/liederkranz-pohl-goens.de\/wp-content\/uploads\/2017\/08\/Ortsbegehung2017-213x300.jpg 213w, https:\/\/liederkranz-pohl-goens.de\/wp-content\/uploads\/2017\/08\/Ortsbegehung2017.jpg 632w\" sizes=\"auto, (max-width: 213px) 100vw, 213px\" \/><\/p>\n<p style=\"text-align: justify;\">Die <strong>Sommerpause<\/strong> wurde, nun schon zum 2. Mal, mit einer Ortsbegehung f\u00fcr neue S\u00e4nger\/innen unterbrochen. Es wurde ein Parcours abgelaufen um die \u00a0\u00d6rtlichkeiten kennen zu lernen. Einige Chormitglieder hatten sich bereit erkl\u00e4rt ihr Heim zu \u00f6ffnen und den &#8218;Neuen&#8216; Einblick in ihr Wohnen\u00a0gew\u00e4hrt.<\/p>\n<p style=\"text-align: justify;\">Ein Kinobesuch im Schlosshof war auch wieder angesagt. Vor den Filmen des Open Air Kinos im Landgrafenschloss wurde in diesem Jahr unser Imagefilm gezeigt. An einem der Abende wurde durch Andy, Dieter und Sonja G. der Film sowie der Liederkranz in einem Interview mit Herrn Kraus von der Kinogesellschaft vorgestellt.<\/p>\n<p style=\"text-align: justify;\">Ausserdem schm\u00fcckten wir \u00a0am 04.08.17 den Liederabend in Niederkleen anl\u00e4sslich deren 125J\u00e4hrigem Bestehen durch unsere Anwesenheit.<\/p>\n<p>Das diesj\u00e4hrige Sommergrillen \u00a0wurde leider ein Opfer des schlechten Wetters und die Veranstaltung musste im Saal stattfinden. Danke den &#8218;Wasserm\u00e4nnern&#8216; die trotzdem im Freien ausharrten um uns mit diversen K\u00f6stlichkeiten vom Grill zu versorgen. Die von den Aktiven beigesteuerten Salate und Desserts rundeten das Ganze ab.<\/p>\n<p><img loading=\"lazy\" decoding=\"async\" class=\"size-medium wp-image-1165 alignleft\" src=\"https:\/\/liederkranz-pohl-goens.de\/wp-content\/uploads\/2017\/09\/Singstunde-dananch-300x225.jpg\" alt=\"\" width=\"300\" height=\"225\" srcset=\"https:\/\/liederkranz-pohl-goens.de\/wp-content\/uploads\/2017\/09\/Singstunde-dananch-300x225.jpg 300w, https:\/\/liederkranz-pohl-goens.de\/wp-content\/uploads\/2017\/09\/Singstunde-dananch-768x576.jpg 768w, https:\/\/liederkranz-pohl-goens.de\/wp-content\/uploads\/2017\/09\/Singstunde-dananch-1024x768.jpg 1024w, https:\/\/liederkranz-pohl-goens.de\/wp-content\/uploads\/2017\/09\/Singstunde-dananch-960x720.jpg 960w\" sizes=\"auto, (max-width: 300px) 100vw, 300px\" \/><\/p>\n<p style=\"text-align: justify;\"><img loading=\"lazy\" decoding=\"async\" class=\"size-medium wp-image-1164 alignright\" src=\"https:\/\/liederkranz-pohl-goens.de\/wp-content\/uploads\/2017\/09\/Das-Golddiplom-e1505287738561-242x300.jpg\" alt=\"\" width=\"242\" height=\"300\" srcset=\"https:\/\/liederkranz-pohl-goens.de\/wp-content\/uploads\/2017\/09\/Das-Golddiplom-e1505287738561-242x300.jpg 242w, https:\/\/liederkranz-pohl-goens.de\/wp-content\/uploads\/2017\/09\/Das-Golddiplom-e1505287738561-768x954.jpg 768w, https:\/\/liederkranz-pohl-goens.de\/wp-content\/uploads\/2017\/09\/Das-Golddiplom-e1505287738561-825x1024.jpg 825w, https:\/\/liederkranz-pohl-goens.de\/wp-content\/uploads\/2017\/09\/Das-Golddiplom-e1505287738561-960x1192.jpg 960w\" sizes=\"auto, (max-width: 242px) 100vw, 242px\" \/><\/p>\n<p>&nbsp;<\/p>\n<p>&nbsp;<\/p>\n<p>&nbsp;<\/p>\n<p>&nbsp;<\/p>\n<p>&nbsp;<\/p>\n<p>&nbsp;<\/p>\n<p style=\"text-align: justify;\">Beim am 09.09.17 stattfindenden Chorwettbewerb in Freigericht-Somborn gelang es uns, mit 22,25 Punkten, \u00a0das Gold Diplom zu ersingen.<\/p>\n<p>Zur Jahresabschlussfeier im November hatten wir uns im Haus Messerschmidt in Hoch Weisel eingefunden. Bei gutem Essen, Getr\u00e4nken und viel Musik \u00a0wurde ein unterhaltsamer Abend verbracht.<\/p>\n<p style=\"text-align: justify;\">Zum 2. Advent sangen wir traditionell auf dem Seniorennachmittag im B\u00fcrgertreff Pohl-G\u00f6ns. Auf Einladung des Ortsbeirates Ebersg\u00f6ns wurden auch dort einige Weihnachtslieder vorgetragen.<\/p>\n<p style=\"text-align: justify;\">Zur letzten Chorprobe des Jahres konnten lediglich berufliche Termine oder Krankheit die S\u00e4ngerschaft vom Dabeisein abhalten. Nach einem gemeinsam eingenommenen warmen Essen, welches Ursula und Werner Gombert anl\u00e4sslich ihrer runden Geburtstage spendierten war ein kleines Programm vorbereitet.<\/p>\n<p><img loading=\"lazy\" decoding=\"async\" class=\"size-medium wp-image-1368 alignright\" src=\"https:\/\/liederkranz-pohl-goens.de\/wp-content\/uploads\/2018\/01\/IMG_2130-300x225.jpg\" alt=\"\" width=\"300\" height=\"225\" srcset=\"https:\/\/liederkranz-pohl-goens.de\/wp-content\/uploads\/2018\/01\/IMG_2130-300x225.jpg 300w, https:\/\/liederkranz-pohl-goens.de\/wp-content\/uploads\/2018\/01\/IMG_2130-768x576.jpg 768w, https:\/\/liederkranz-pohl-goens.de\/wp-content\/uploads\/2018\/01\/IMG_2130-1024x768.jpg 1024w, https:\/\/liederkranz-pohl-goens.de\/wp-content\/uploads\/2018\/01\/IMG_2130-960x720.jpg 960w\" sizes=\"auto, (max-width: 300px) 100vw, 300px\" \/><img loading=\"lazy\" decoding=\"async\" class=\"size-medium wp-image-1363 alignleft\" src=\"https:\/\/liederkranz-pohl-goens.de\/wp-content\/uploads\/2018\/01\/IMG_2111-300x225.jpg\" alt=\"\" width=\"300\" height=\"225\" srcset=\"https:\/\/liederkranz-pohl-goens.de\/wp-content\/uploads\/2018\/01\/IMG_2111-300x225.jpg 300w, https:\/\/liederkranz-pohl-goens.de\/wp-content\/uploads\/2018\/01\/IMG_2111-768x576.jpg 768w, https:\/\/liederkranz-pohl-goens.de\/wp-content\/uploads\/2018\/01\/IMG_2111-1024x768.jpg 1024w, https:\/\/liederkranz-pohl-goens.de\/wp-content\/uploads\/2018\/01\/IMG_2111-960x720.jpg 960w\" sizes=\"auto, (max-width: 300px) 100vw, 300px\" \/><\/p>\n<p style=\"text-align: justify;\"><span style=\"font-size: 12px;\">\u00a0<\/span><\/p>\n<table style=\"border-collapse: collapse; width: 100%;\" border=\"1\">\n<tbody>\n<tr>\n<td style=\"width: 50%;\"><span style=\"font-size: 12pt;\"><span style=\"font-size: 8pt;\">Sabine, Manuela und Birgit\u00a0bedankten\u00a0sich bei den Aktiven f\u00fcr deren Unterst\u00fctzung im abgelaufenen Jahr..\u00a0 \u00a0 \u00a0<\/span> \u00a0<\/span><\/td>\n<td style=\"width: 50%;\"><span style=\"font-size: 12pt;\"> \u00a0<span style=\"font-size: 8pt;\">Ilse, Georg und Edmund hatten nicht eine \u00a0 Probe vers\u00e4umt<\/span><\/span><\/td>\n<\/tr>\n<\/tbody>\n<\/table>\n<p style=\"text-align: justify;\">Der Abschluss des S\u00e4ngerjahres war das Singen zum &#8218;heiligen Abend&#8216; in der Pohl-G\u00f6nser Dorfkirche.<\/p>\n<p style=\"text-align: center;\"><a href=\"https:\/\/liederkranz-pohl-goens.de\/index.php\/chronik\/das-jahr-2018\/\">weiter&#8230;.<\/a><\/p>\n","protected":false},"excerpt":{"rendered":"<p>2017 war ein sch\u00f6nes Jahr mit einem traurigen Einschnitt Der Terminkalender war wie immer gut gef\u00fcllt. Sowohl mit eigenen Ereignissen als auch als Helfer bei anderen Vereinen. Ausserplanm\u00e4\u00dfig wurde von uns am 11.03.17 die Neuer\u00f6ffnung des Bauzentrum Gerhardt mit einigen Liedern untermalt. Was uns nicht davon abhielt, zuvor unserem goldenen<\/p>\n","protected":false},"author":4,"featured_media":0,"parent":76,"menu_order":7,"comment_status":"closed","ping_status":"closed","template":"","meta":{"footnotes":""},"class_list":["post-1267","page","type-page","status-publish","hentry"],"_links":{"self":[{"href":"https:\/\/liederkranz-pohl-goens.de\/index.php\/wp-json\/wp\/v2\/pages\/1267","targetHints":{"allow":["GET"]}}],"collection":[{"href":"https:\/\/liederkranz-pohl-goens.de\/index.php\/wp-json\/wp\/v2\/pages"}],"about":[{"href":"https:\/\/liederkranz-pohl-goens.de\/index.php\/wp-json\/wp\/v2\/types\/page"}],"author":[{"embeddable":true,"href":"https:\/\/liederkranz-pohl-goens.de\/index.php\/wp-json\/wp\/v2\/users\/4"}],"replies":[{"embeddable":true,"href":"https:\/\/liederkranz-pohl-goens.de\/index.php\/wp-json\/wp\/v2\/comments?post=1267"}],"version-history":[{"count":41,"href":"https:\/\/liederkranz-pohl-goens.de\/index.php\/wp-json\/wp\/v2\/pages\/1267\/revisions"}],"predecessor-version":[{"id":4263,"href":"https:\/\/liederkranz-pohl-goens.de\/index.php\/wp-json\/wp\/v2\/pages\/1267\/revisions\/4263"}],"up":[{"embeddable":true,"href":"https:\/\/liederkranz-pohl-goens.de\/index.php\/wp-json\/wp\/v2\/pages\/76"}],"wp:attachment":[{"href":"https:\/\/liederkranz-pohl-goens.de\/index.php\/wp-json\/wp\/v2\/media?parent=1267"}],"curies":[{"name":"wp","href":"https:\/\/api.w.org\/{rel}","templated":true}]}}