{"id":2,"date":"2017-02-16T17:02:35","date_gmt":"2017-02-16T16:02:35","guid":{"rendered":"http:\/\/liederkranz-pohl-goens.de\/wordpress\/?page_id=2"},"modified":"2024-11-14T13:42:42","modified_gmt":"2024-11-14T12:42:42","slug":"beispiel-seite","status":"publish","type":"page","link":"https:\/\/liederkranz-pohl-goens.de\/","title":{"rendered":"Home"},"content":{"rendered":"<div class=\"wp-block-image\">\r\n<figure class=\"aligncenter size-large\"><img loading=\"lazy\" decoding=\"async\" width=\"1600\" height=\"900\" class=\"wp-image-11747\" src=\"https:\/\/liederkranz-pohl-goens.de\/wp-content\/uploads\/2024\/10\/R5__3954-Kopie-1600x900.jpg\" alt=\"\" srcset=\"https:\/\/liederkranz-pohl-goens.de\/wp-content\/uploads\/2024\/10\/R5__3954-Kopie-1600x900.jpg 1600w, https:\/\/liederkranz-pohl-goens.de\/wp-content\/uploads\/2024\/10\/R5__3954-Kopie-300x169.jpg 300w, https:\/\/liederkranz-pohl-goens.de\/wp-content\/uploads\/2024\/10\/R5__3954-Kopie-768x432.jpg 768w, https:\/\/liederkranz-pohl-goens.de\/wp-content\/uploads\/2024\/10\/R5__3954-Kopie-1536x864.jpg 1536w, https:\/\/liederkranz-pohl-goens.de\/wp-content\/uploads\/2024\/10\/R5__3954-Kopie-2048x1152.jpg 2048w\" sizes=\"auto, (max-width: 1600px) 100vw, 1600px\" \/>\r\n<figcaption class=\"wp-element-caption\"><strong><span class=\"has-inline-color has-highlight-color\">Wir sind der Liederkranz<\/span><\/strong><\/figcaption>\r\n<\/figure>\r\n<\/div>\r\n<p>&nbsp;<\/p>\r\n\r\n<figure class=\"wp-block-image size-large\"><img loading=\"lazy\" decoding=\"async\" width=\"1600\" height=\"1131\" class=\"wp-image-8620\" src=\"https:\/\/liederkranz-pohl-goens.de\/wp-content\/uploads\/2021\/08\/Durchs-Jahr-mit-dem-Liederkranz-1600x1131.jpeg\" alt=\"\" srcset=\"https:\/\/liederkranz-pohl-goens.de\/wp-content\/uploads\/2021\/08\/Durchs-Jahr-mit-dem-Liederkranz-1600x1131.jpeg 1600w, https:\/\/liederkranz-pohl-goens.de\/wp-content\/uploads\/2021\/08\/Durchs-Jahr-mit-dem-Liederkranz-300x212.jpeg 300w, https:\/\/liederkranz-pohl-goens.de\/wp-content\/uploads\/2021\/08\/Durchs-Jahr-mit-dem-Liederkranz-768x543.jpeg 768w, https:\/\/liederkranz-pohl-goens.de\/wp-content\/uploads\/2021\/08\/Durchs-Jahr-mit-dem-Liederkranz-1536x1086.jpeg 1536w, https:\/\/liederkranz-pohl-goens.de\/wp-content\/uploads\/2021\/08\/Durchs-Jahr-mit-dem-Liederkranz-2048x1448.jpeg 2048w\" sizes=\"auto, (max-width: 1600px) 100vw, 1600px\" \/>\r\n<figcaption class=\"wp-element-caption\"><strong>Durch das Jahr mit dem Liederkranz<\/strong><\/figcaption>\r\n<\/figure>\r\n\r\n<p>&nbsp;<\/p>\r\n\r\n<p>&nbsp;<\/p>\r\n\r\n<p>&nbsp;<\/p>\r\n\r\n<figure class=\"wp-block-video\"><video style=\"aspect-ratio: 640 \/ 360;\" src=\"https:\/\/liederkranz-pohl-goens.de\/wp-content\/uploads\/2021\/08\/Butzbacher-Kultursommer-2021.mp4\" controls=\"controls\" width=\"640\" height=\"360\"><\/video>\r\n<figcaption><strong>Butzbacher Kultursommer 28.08.21<\/strong><\/figcaption>\r\n<\/figure>\r\n\r\n<p>&nbsp;<\/p>\r\n\n\r\n<p>&nbsp;<\/p>\r\n\r\n<figure class=\"wp-block-video\"><video src=\"https:\/\/liederkranz-pohl-goens.de\/wp-content\/uploads\/2021\/08\/Liederkranz-Image-Grossbild_512.mp4\" controls=\"controls\" width=\"300\" height=\"150\"><\/video><\/figure>\r\n\r\n<p>&nbsp;<\/p>\r\n<div class=\"wp-block-image\">\r\n<figure class=\"alignleft\"><img loading=\"lazy\" decoding=\"async\" width=\"300\" height=\"200\" class=\"wp-image-7813\" src=\"https:\/\/liederkranz-pohl-goens.de\/wp-content\/uploads\/2021\/07\/BZ-2-300x200.jpg\" alt=\"\" srcset=\"https:\/\/liederkranz-pohl-goens.de\/wp-content\/uploads\/2021\/07\/BZ-2-300x200.jpg 300w, https:\/\/liederkranz-pohl-goens.de\/wp-content\/uploads\/2021\/07\/BZ-2-1600x1066.jpg 1600w, https:\/\/liederkranz-pohl-goens.de\/wp-content\/uploads\/2021\/07\/BZ-2-768x512.jpg 768w, https:\/\/liederkranz-pohl-goens.de\/wp-content\/uploads\/2021\/07\/BZ-2-1536x1024.jpg 1536w, https:\/\/liederkranz-pohl-goens.de\/wp-content\/uploads\/2021\/07\/BZ-2-2048x1365.jpg 2048w, https:\/\/liederkranz-pohl-goens.de\/wp-content\/uploads\/2021\/07\/BZ-2-1000x666.jpg 1000w, https:\/\/liederkranz-pohl-goens.de\/wp-content\/uploads\/2021\/07\/BZ-2-450x300.jpg 450w\" sizes=\"auto, (max-width: 300px) 100vw, 300px\" \/><\/figure>\r\n<\/div>\r\n<p>&nbsp;<\/p>\r\n\r\n<p><strong style=\"font-size: 18pt;\">&#8230;.nimmt Proben mit Dr. Florian Ilge als Verst\u00e4rkung auf \u00a0 \u00a0 \u00a0\u00a0<\/strong><\/p>\r\n\r\n<p>&nbsp;<\/p>\r\n\r\n<p><strong style=\"font-size: 18pt;\"><strong style=\"font-size: 16px;\">Neuer Assistenz-Chorleiter im Pohl-G\u00f6nser Gesangverein \/ <\/strong><\/strong> <strong style=\"font-size: 18pt;\"><strong style=\"font-size: 16px;\">Martin Winklers Dirigentenjubil\u00e4um im September<\/strong><\/strong><\/p>\r\n\r\n\r\n\r\n<p>&nbsp;<\/p>\r\n\r\n\r\n<div class=\"wp-block-image\">\r\n<figure class=\"alignleft size-large\"><img loading=\"lazy\" decoding=\"async\" width=\"1600\" height=\"947\" class=\"wp-image-11767\" src=\"https:\/\/liederkranz-pohl-goens.de\/wp-content\/uploads\/2024\/10\/R5__3950-topaz-denoiseraw-sharpen-faceai-Kopie-1600x947.jpg\" alt=\"\" srcset=\"https:\/\/liederkranz-pohl-goens.de\/wp-content\/uploads\/2024\/10\/R5__3950-topaz-denoiseraw-sharpen-faceai-Kopie-1600x947.jpg 1600w, https:\/\/liederkranz-pohl-goens.de\/wp-content\/uploads\/2024\/10\/R5__3950-topaz-denoiseraw-sharpen-faceai-Kopie-300x177.jpg 300w, https:\/\/liederkranz-pohl-goens.de\/wp-content\/uploads\/2024\/10\/R5__3950-topaz-denoiseraw-sharpen-faceai-Kopie-768x454.jpg 768w, https:\/\/liederkranz-pohl-goens.de\/wp-content\/uploads\/2024\/10\/R5__3950-topaz-denoiseraw-sharpen-faceai-Kopie-1536x909.jpg 1536w, https:\/\/liederkranz-pohl-goens.de\/wp-content\/uploads\/2024\/10\/R5__3950-topaz-denoiseraw-sharpen-faceai-Kopie-2048x1212.jpg 2048w\" sizes=\"auto, (max-width: 1600px) 100vw, 1600px\" \/><\/figure>\r\n<\/div>\r\n\r\n\r\n<p><span style=\"font-size: 10pt; font-family: helvetica, arial, sans-serif;\"><strong>\u00a0\u00a0<\/strong><\/span> <span style=\"font-size: 10pt;\"><a href=\"https:\/\/liederkranz-pohl-goens.de\/templates\/jaw054\/images\/Chorbilder2015\/20150712_Zuschnitt.jpg\" target=\"_blank\" rel=\"noopener noreferrer\">(Durch Doppelklick \u00f6ffnet sich das Bild in voller Gr\u00f6\u00dfe)\u00a0<\/a><\/span><\/p>\r\n","protected":false},"excerpt":{"rendered":"<p>&nbsp; &nbsp; &nbsp; &nbsp; &nbsp; &nbsp; &nbsp; &nbsp; &#8230;.nimmt Proben mit Dr. Florian Ilge als Verst\u00e4rkung auf \u00a0 \u00a0 \u00a0\u00a0 &nbsp; Neuer Assistenz-Chorleiter im Pohl-G\u00f6nser Gesangverein \/ Martin Winklers Dirigentenjubil\u00e4um im September &nbsp; \u00a0\u00a0 (Durch Doppelklick \u00f6ffnet sich das Bild in voller Gr\u00f6\u00dfe)\u00a0<\/p>\n","protected":false},"author":4,"featured_media":0,"parent":0,"menu_order":0,"comment_status":"closed","ping_status":"closed","template":"template-magazine.php","meta":{"footnotes":""},"class_list":["post-2","page","type-page","status-publish","hentry"],"_links":{"self":[{"href":"https:\/\/liederkranz-pohl-goens.de\/index.php\/wp-json\/wp\/v2\/pages\/2","targetHints":{"allow":["GET"]}}],"collection":[{"href":"https:\/\/liederkranz-pohl-goens.de\/index.php\/wp-json\/wp\/v2\/pages"}],"about":[{"href":"https:\/\/liederkranz-pohl-goens.de\/index.php\/wp-json\/wp\/v2\/types\/page"}],"author":[{"embeddable":true,"href":"https:\/\/liederkranz-pohl-goens.de\/index.php\/wp-json\/wp\/v2\/users\/4"}],"replies":[{"embeddable":true,"href":"https:\/\/liederkranz-pohl-goens.de\/index.php\/wp-json\/wp\/v2\/comments?post=2"}],"version-history":[{"count":1329,"href":"https:\/\/liederkranz-pohl-goens.de\/index.php\/wp-json\/wp\/v2\/pages\/2\/revisions"}],"predecessor-version":[{"id":11791,"href":"https:\/\/liederkranz-pohl-goens.de\/index.php\/wp-json\/wp\/v2\/pages\/2\/revisions\/11791"}],"wp:attachment":[{"href":"https:\/\/liederkranz-pohl-goens.de\/index.php\/wp-json\/wp\/v2\/media?parent=2"}],"curies":[{"name":"wp","href":"https:\/\/api.w.org\/{rel}","templated":true}]}}