{"id":4575,"date":"2019-03-18T16:19:20","date_gmt":"2019-03-18T15:19:20","guid":{"rendered":"http:\/\/liederkranz-pohl-goens.de\/?page_id=4575"},"modified":"2021-07-30T07:57:26","modified_gmt":"2021-07-30T05:57:26","slug":"das-jubilaeumsjahr-2019","status":"publish","type":"page","link":"https:\/\/liederkranz-pohl-goens.de\/index.php\/chronik\/das-jubilaeumsjahr-2019\/","title":{"rendered":"Das Jubil\u00e4umsjahr 2019"},"content":{"rendered":"<p><span style=\"font-size: 14pt;\"><span style=\"font-size: 18pt;\"><strong>2019<\/strong><\/span> stand ganz unter dem Motto \u00a0<strong><span style=\"font-size: 18pt;\">140 Jahre Liederkranz \u00a0 \u00a0<\/span> \u00a0<\/strong><\/span><\/p>\n<p><strong> \u00a0 \u00a0 \u00a0 \u00a0 <img loading=\"lazy\" decoding=\"async\" class=\"size-medium wp-image-7168 alignright\" src=\"https:\/\/liederkranz-pohl-goens.de\/wp-content\/uploads\/2019\/10\/cropped-Plakat_Ortsrundgang-5-300x80.jpg\" alt=\"\" width=\"300\" height=\"80\" srcset=\"https:\/\/liederkranz-pohl-goens.de\/wp-content\/uploads\/2019\/10\/cropped-Plakat_Ortsrundgang-5-300x80.jpg 300w, https:\/\/liederkranz-pohl-goens.de\/wp-content\/uploads\/2019\/10\/cropped-Plakat_Ortsrundgang-5-768x206.jpg 768w, https:\/\/liederkranz-pohl-goens.de\/wp-content\/uploads\/2019\/10\/cropped-Plakat_Ortsrundgang-5.jpg 1500w\" sizes=\"auto, (max-width: 300px) 100vw, 300px\" \/><br \/>\n<\/strong><\/p>\n<p style=\"text-align: justify;\">Bereits in der ersten Probe im neuen Jahr wurden die\u00a0Ideen und Aufgaben f\u00fcr das bevorstehende Gro\u00dfereignis vorgestellt. Zahlreiche Aussch\u00fcsse wurden eingerichtet und die entsprechenden Aufgaben verteilt.<\/p>\n<p>Als Jubil\u00e4ums-Chor durften wir am 15.01.19 den Neujahrsempfang der Stadt Butzbach umrahmen. B\u00fcrgermeister Merle hatte die Schirmherrschaft zu unserem Jubil\u00e4um \u00fcbernommen und wollte uns gerne dabei haben. \u00dcber 50 S\u00e4nger\/innen haben sich das nicht entgehen lassen.<span class=\"Apple-converted-space\">\u00a0<\/span><\/p>\n<p>Auf Einladung des GV Einheit 1835 Echzell waren wir am 31.M\u00e4rz in Echzell-Bingenheim in der SAMPO-Halle. Immerhin 46 S\u00e4nger\/innen waren gekommen um \u201aWell and Good\u2018, \u201aWach auf meins Herzens Sch\u00f6ne\u2018 und \u201aHoch auf dem gelben Wagen\u2018 zum Besten zu geben.<span class=\"Apple-converted-space\">\u00a0<\/span><\/p>\n<p style=\"text-align: justify;\">\u00a0 \u00a0 \u00a0 \u00a0 \u00a0 \u00a0 \u00a0 \u00a0 \u00a0 \u00a0 \u00a0 \u00a0 \u00a0 \u00a0 \u00a0 \u00a0 \u00a0 \u00a0 \u00a0 \u00a0 \u00a0 \u00a0 \u00a0Zu einem historischen Ortsrundgang in Pohl-G\u00f6ns<br \/>\n<img loading=\"lazy\" decoding=\"async\" class=\"alignnone wp-image-5026 size-medium\" src=\"https:\/\/liederkranz-pohl-goens.de\/wp-content\/uploads\/2019\/05\/Plakat_Ortsrundgang-212x300.jpg\" alt=\"\" width=\"212\" height=\"300\" srcset=\"https:\/\/liederkranz-pohl-goens.de\/wp-content\/uploads\/2019\/05\/Plakat_Ortsrundgang-212x300.jpg 212w, https:\/\/liederkranz-pohl-goens.de\/wp-content\/uploads\/2019\/05\/Plakat_Ortsrundgang-768x1087.jpg 768w, https:\/\/liederkranz-pohl-goens.de\/wp-content\/uploads\/2019\/05\/Plakat_Ortsrundgang-1131x1600.jpg 1131w, https:\/\/liederkranz-pohl-goens.de\/wp-content\/uploads\/2019\/05\/Plakat_Ortsrundgang-1000x1415.jpg 1000w, https:\/\/liederkranz-pohl-goens.de\/wp-content\/uploads\/2019\/05\/Plakat_Ortsrundgang.jpg 1753w\" sizes=\"auto, (max-width: 212px) 100vw, 212px\" \/><br \/>\nkonnte \u00a0der Vorstand den Pohl-G\u00f6nser Heimatforscher Werner Reusch gewinnen. \u00a0Die Pohl-G\u00f6nser Geschichte mit dem Leben und Wirken der Dirigenten, Vorsitzenden und der S\u00e4nger war ein \u00a0unterhaltsamer und kurzweiliger Spaziergang durch den alten Ortskern von Pohl-G\u00f6ns. \u00a0 Im Anschluss an die F\u00fchrung fand sich der Chor zu einem geselligen Beisammensein mit hessischen Spezialit\u00e4ten in den Hof von Michael Z\u00f6rb ein. \u00a0Der Einladung waren viele Interessierte aus Nah und Fern gefolgt.<\/p>\n<p style=\"text-align: justify;\">Auf den Chorwettbewerb in H\u00fcttenberg hatten wir schon Wochen vorher hingeprobt. Aufgrund einer Lungenentz\u00fcndung \u00a0konnte uns Martin nicht<span class=\"Apple-converted-space\">\u00a0 <\/span>dirigieren.\u00a0Zum Gl\u00fcck hatte sich Florian Ilge spontan bereit erkl\u00e4rt ins kalte Wasser zu springen und uns als Dirigent zu begleiten. Es war sein erster Wettbewerb. Daf\u00fcr, dass wir nur 1,5 Std. mit ihm geprobt hatten konnte das Ergebnis sich sehen lassen.<span class=\"Apple-converted-space\">\u00a0<\/span>21,42 Punkte und ein Silber Diplom waren der Lohn.<span class=\"Apple-converted-space\">\u00a0<\/span>Danke Florian.<\/p>\n<p><a href=\"https:\/\/liederkranz-pohl-goens.de\/wp-content\/uploads\/2019\/06\/Plakat_Odessa-Chorprobe_final_20190618.jpg\" target=\"_blank\" rel=\"noopener noreferrer\"><img loading=\"lazy\" decoding=\"async\" class=\"alignleft wp-image-5147 size-thumbnail\" src=\"https:\/\/liederkranz-pohl-goens.de\/wp-content\/uploads\/2019\/06\/Plakat_Odessa-Chorprobe_final_20190618-150x150.jpg\" alt=\"\" width=\"150\" height=\"150\" srcset=\"https:\/\/liederkranz-pohl-goens.de\/wp-content\/uploads\/2019\/06\/Plakat_Odessa-Chorprobe_final_20190618-150x150.jpg 150w, https:\/\/liederkranz-pohl-goens.de\/wp-content\/uploads\/2019\/06\/Plakat_Odessa-Chorprobe_final_20190618-85x85.jpg 85w\" sizes=\"auto, (max-width: 150px) 100vw, 150px\" \/><\/a> <a href=\"https:\/\/liederkranz-pohl-goens.de\/wp-content\/uploads\/2019\/06\/Silberdiplom-2019-H\u00fcttenberg.jpg\" target=\"_blank\" rel=\"noopener noreferrer\"><img loading=\"lazy\" decoding=\"async\" class=\"alignright wp-image-5150 size-thumbnail\" src=\"https:\/\/liederkranz-pohl-goens.de\/wp-content\/uploads\/2019\/06\/Silberdiplom-2019-H\u00fcttenberg-150x150.jpg\" alt=\"\" width=\"150\" height=\"150\" srcset=\"https:\/\/liederkranz-pohl-goens.de\/wp-content\/uploads\/2019\/06\/Silberdiplom-2019-H\u00fcttenberg-150x150.jpg 150w, https:\/\/liederkranz-pohl-goens.de\/wp-content\/uploads\/2019\/06\/Silberdiplom-2019-H\u00fcttenberg-85x85.jpg 85w\" sizes=\"auto, (max-width: 150px) 100vw, 150px\" \/><\/a><\/p>\n<p style=\"text-align: justify;\">Die letzte Chorprobe vor den Sommerferien wurde dieses Mal zu einer Open Air Chorprobe. Die S\u00e4nger vom M\u00e4nnerquartett Odessa waren zu Gast<\/p>\n<p style=\"text-align: justify;\">Das diesj\u00e4hrige Sommergrillen war\u00a0nicht am letzten Dienstag der Pause, sondern bereits am 2. Dienstag. Alle daheim gebliebenen S\u00e4nger und S\u00e4ngerinnen kamen um ein paar sch\u00f6ne Stunden miteinander zu haben. (Was soll man auch sonst mit dem Dienstag machen \u00a0?). \u00a0Unser \u201aGoldpaar\u2018 B\u00e4rbel und Horst B\u00e4uerlein war auch anwesend und konnte mit einem Geschenk \u00fcberrascht werden.<span class=\"Apple-converted-space\">\u00a0<\/span><\/p>\n<p>Wie immer in der Sommerpause wurden wieder ein paar S\u00e4ngerinnen besucht. Dieses Mal (09.07.) hatten die Ebersg\u00f6nser S\u00e4ngerinnen Birgit Kr\u00fcger, Ute Bopf, Heike Rettig und Antje Luboeinski <span class=\"Apple-converted-space\">\u00a0 <\/span>den \u201aAnsturm\u2018 zu bew\u00e4ltigen. Sie haben sich tapfer geschlagen.<span class=\"Apple-converted-space\">\u00a0<\/span><\/p>\n<p><a href=\"https:\/\/liederkranz-pohl-goens.de\/wp-content\/uploads\/2019\/06\/Plakat-Konzert-Fleisbach.jpg\" target=\"_blank\" rel=\"noopener noreferrer\"><img loading=\"lazy\" decoding=\"async\" class=\"alignright wp-image-5165 size-thumbnail\" src=\"https:\/\/liederkranz-pohl-goens.de\/wp-content\/uploads\/2019\/06\/Plakat-Konzert-Fleisbach-150x150.jpg\" alt=\"\" width=\"150\" height=\"150\" srcset=\"https:\/\/liederkranz-pohl-goens.de\/wp-content\/uploads\/2019\/06\/Plakat-Konzert-Fleisbach-150x150.jpg 150w, https:\/\/liederkranz-pohl-goens.de\/wp-content\/uploads\/2019\/06\/Plakat-Konzert-Fleisbach-85x85.jpg 85w\" sizes=\"auto, (max-width: 150px) 100vw, 150px\" \/><\/a> Am 17.08.19 veranstaltete der GV Fleisbach ein Open Air Konzert, bei dem wir ein Programmpunkt waren.<\/p>\n<p style=\"text-align: justify;\">Am 20.09. konnte dann das Jubil\u00e4umsprogramm beginnen. Unter dem Motto: \u201cSingen mit Freunden bei Weck, Worscht un\u2019 Woi\u201c hatten sich 14 Ch\u00f6re als G\u00e4ste angek\u00fcndigt. Leider konnten dann jedoch nur 7 Ch\u00f6re den Termin wahrnehmen. Das tat jedoch dem Spa\u00df und der Freude keinen Abbruch. Im Rahmen der Feier wurden Armin Z\u00f6rb (60 Jahre), Walter Schepp (60 Jahre), Werner Gombert (40 Jahre) und Lothar Morkel (40 Jahre) geehrt. <span class=\"Apple-converted-space\">\u00a0<\/span>Als \u00dcberraschung des Abends erhielten Sabine Fuchs und Frank Winkler der Ehrenbrief des Landes Hessen f\u00fcr Ihre langj\u00e4hrige Ehrenamtliche T\u00e4tigkeit,<\/p>\n<p>Der 21.09. stand im Zeichen des Chorwettbewerbs.\u00a0Nach einem ereignisreichen Tag mit 28 Ch\u00f6ren ( etwa 1000 Personen) und G\u00e4sten aus nah und fern, wurde die Mehrzweckhalle f\u00fcr den n\u00e4chsten Tag vorbereitet.<\/p>\n<p style=\"text-align: justify;\">Um 10.30 Uhr wurde ein Gottesdienst gefeiert, den der Chor \u201aFrom Heart to Heart\u2018 aus dem Allg\u00e4u musikalisch umrahmte. <span class=\"Apple-converted-space\">\u00a0<\/span>Der Volkslieder-Wettbewerb \u00a0 wurde, wie auch der Chorwettbewerb am Vortag, in der Sporthalle der G\u00f6nser- Grundschule<span class=\"Apple-converted-space\">\u00a0 <\/span>abgehalten.<span class=\"Apple-converted-space\">\u00a0 <\/span>Mit 12 Ch\u00f6ren ( etwa. 600 Personen) nicht ganz so<span class=\"Apple-converted-space\">\u00a0 <\/span>gro\u00df wie am Vortag aber trotzdem genauso<span class=\"Apple-converted-space\">\u00a0 <\/span>sch\u00f6n.<span class=\"Apple-converted-space\">\u00a0<\/span><\/p>\n<p>Nach dem Fest ist vor dem Wettbewerb. Der Chorwettbewerb in Bernbach war die einzige Unterbrechung des sonst relativ ruhigen Monats.<span class=\"Apple-converted-space\">\u00a0<\/span><\/p>\n<p>Das Singen zum Volkstrauertag wurde freundlicher Weise von Florian Ilge dirigiert.<\/p>\n<p>Am Ewigkeitssonntag gedachten wir einem alten Brauch folgend unserer in diesem Jahr verstorbenen Mitglieder.<span class=\"Apple-converted-space\">\u00a0<\/span><\/p>\n<p>In Pohl G\u00f6ns bleiben die Lichter an. Zum 6. Mal wurde dieser \u201aWeihnachtsmarkt\u2018 hier im Ort abgehalten. Der Liederkranz hatte \u00a0Liedtexte an die Anwesenden verteilt und zum Mitsingen<span class=\"Apple-converted-space\">\u00a0 <\/span>eingeladen.<span class=\"Apple-converted-space\">\u00a0<\/span><\/p>\n<p>Zum 2. Advent durften wir wieder den Seniorennachmittag der Gemeinde mit einigen Liedern auflockern. Sonja Gombert hatte erstmals das Dirigat.<span class=\"Apple-converted-space\">\u00a0<\/span><\/p>\n<p>Die diesj\u00e4hrige Weihnachtsfeier wurde wieder einmal in Eigenregie veranstaltet. Dazu wurde der B\u00fcrgertreff herausgeputzt und alle waren mit Feuereifer dabei.<span class=\"Apple-converted-space\">\u00a0<\/span><\/p>\n<p>Den besinnlichen Jahresabschluss bildete wieder die Teilnahme des Gottesdienstes zum Heiligen Abend. A Festige Gloria und Willkommen Immanuel wurden unter dem Dirigat von Florian Ilge dargeboten.<span class=\"Apple-converted-space\">\u00a0<\/span><\/p>\n<p><a href=\"https:\/\/liederkranz-pohl-goens.de\/index.php\/chronik\/das-jahr-2020-singen-unter-corona\">weiter&#8230;..<\/a><\/p>\n","protected":false},"excerpt":{"rendered":"<p>2019 stand ganz unter dem Motto \u00a0140 Jahre Liederkranz \u00a0 \u00a0 \u00a0 \u00a0 \u00a0 \u00a0 \u00a0 Bereits in der ersten Probe im neuen Jahr wurden die\u00a0Ideen und Aufgaben f\u00fcr das bevorstehende Gro\u00dfereignis vorgestellt. Zahlreiche Aussch\u00fcsse wurden eingerichtet und die entsprechenden Aufgaben verteilt. Als Jubil\u00e4ums-Chor durften wir am 15.01.19 den Neujahrsempfang<\/p>\n","protected":false},"author":4,"featured_media":0,"parent":76,"menu_order":9,"comment_status":"closed","ping_status":"closed","template":"","meta":{"footnotes":""},"class_list":["post-4575","page","type-page","status-publish","hentry"],"_links":{"self":[{"href":"https:\/\/liederkranz-pohl-goens.de\/index.php\/wp-json\/wp\/v2\/pages\/4575","targetHints":{"allow":["GET"]}}],"collection":[{"href":"https:\/\/liederkranz-pohl-goens.de\/index.php\/wp-json\/wp\/v2\/pages"}],"about":[{"href":"https:\/\/liederkranz-pohl-goens.de\/index.php\/wp-json\/wp\/v2\/types\/page"}],"author":[{"embeddable":true,"href":"https:\/\/liederkranz-pohl-goens.de\/index.php\/wp-json\/wp\/v2\/users\/4"}],"replies":[{"embeddable":true,"href":"https:\/\/liederkranz-pohl-goens.de\/index.php\/wp-json\/wp\/v2\/comments?post=4575"}],"version-history":[{"count":37,"href":"https:\/\/liederkranz-pohl-goens.de\/index.php\/wp-json\/wp\/v2\/pages\/4575\/revisions"}],"predecessor-version":[{"id":8130,"href":"https:\/\/liederkranz-pohl-goens.de\/index.php\/wp-json\/wp\/v2\/pages\/4575\/revisions\/8130"}],"up":[{"embeddable":true,"href":"https:\/\/liederkranz-pohl-goens.de\/index.php\/wp-json\/wp\/v2\/pages\/76"}],"wp:attachment":[{"href":"https:\/\/liederkranz-pohl-goens.de\/index.php\/wp-json\/wp\/v2\/media?parent=4575"}],"curies":[{"name":"wp","href":"https:\/\/api.w.org\/{rel}","templated":true}]}}