{"id":640,"date":"2017-05-10T10:25:55","date_gmt":"2017-05-10T08:25:55","guid":{"rendered":"http:\/\/liederkranz-pohl-goens.de\/?page_id=640"},"modified":"2018-12-11T10:29:46","modified_gmt":"2018-12-11T09:29:46","slug":"chroniken-von-2004-2011","status":"publish","type":"page","link":"https:\/\/liederkranz-pohl-goens.de\/index.php\/chronik\/chroniken-von-2004-2011\/","title":{"rendered":"Die Jahre  2004 &#8211; 2011"},"content":{"rendered":"<p style=\"text-align: center;\"><span style=\"font-size: 10pt;\">(die Beitr\u00e4ge k\u00f6nnen durch anklicken der Jahreszahl ge\u00f6ffnet werden)<\/span><\/p>\n<p><span style=\"font-size: 14pt;\">\u00a0 \u00a0 \u00a0 \u00a0\u00a0<a href=\"https:\/\/liederkranz-pohl-goens.de\/templates\/jaw054\/pdf\/Chronik\/2004.pdf\" target=\"_blank\" rel=\"noopener noreferrer\">2004,<\/a><\/span><\/p>\n<p><span style=\"font-size: 14pt;\">\u00a0 \u00a0 \u00a0 \u00a0\u00a0<a href=\"https:\/\/liederkranz-pohl-goens.de\/templates\/jaw054\/pdf\/Chronik\/2005.pdf\" target=\"_blank\" rel=\"noopener noreferrer\">2005,<\/a><\/span><\/p>\n<p><span style=\"font-size: 14pt;\">\u00a0 \u00a0 \u00a0 \u00a0\u00a0<a href=\"https:\/\/liederkranz-pohl-goens.de\/templates\/jaw054\/pdf\/Chronik\/2006.pdf\" target=\"_blank\" rel=\"noopener noreferrer\">2006,<\/a><\/span><\/p>\n<p><span style=\"font-size: 14pt;\">\u00a0 \u00a0 \u00a0 \u00a0\u00a0<a href=\"https:\/\/liederkranz-pohl-goens.de\/templates\/jaw054\/pdf\/Chronik\/2007.pdf\" target=\"_blank\" rel=\"noopener noreferrer\">2007,<\/a><\/span><\/p>\n<p><span style=\"font-size: 14pt;\">\u00a0 \u00a0 \u00a0 \u00a0\u00a0<a href=\"https:\/\/liederkranz-pohl-goens.de\/templates\/jaw054\/pdf\/Chronik\/2008.pdf\" target=\"_blank\" rel=\"noopener noreferrer\">2008,<\/a><\/span><\/p>\n<p><span style=\"font-size: 14pt;\">\u00a0 \u00a0 \u00a0 \u00a0\u00a0<a href=\"https:\/\/liederkranz-pohl-goens.de\/templates\/jaw054\/pdf\/Chronik\/2009.pdf\" target=\"_blank\" rel=\"noopener noreferrer\">2009,<\/a><\/span><\/p>\n<p><span style=\"font-size: 14pt;\">\u00a0 \u00a0 \u00a0 \u00a0 <a href=\"https:\/\/liederkranz-pohl-goens.de\/templates\/jaw054\/pdf\/Chronik\/2010.pdf\" target=\"_blank\" rel=\"noopener noreferrer\">2010,<\/a><\/span><span style=\"font-size: 14pt;\">\u00a0\u00a0<\/span><\/p>\n<p><span style=\"font-size: 14pt;\">\u00a0 \u00a0 \u00a0 \u00a0 <a href=\"https:\/\/liederkranz-pohl-goens.de\/templates\/jaw054\/pdf\/Chronik\/2011.pdf\" target=\"_blank\" rel=\"noopener noreferrer\">2011<\/a><\/span><\/p>\n<p style=\"text-align: center;\"><a href=\"https:\/\/liederkranz-pohl-goens.de\/index.php\/chronik\/chronik-des-jahres-2012\/\">weiter&#8230;..<\/a><\/p>\n","protected":false},"excerpt":{"rendered":"<p>(die Beitr\u00e4ge k\u00f6nnen durch anklicken der Jahreszahl ge\u00f6ffnet werden) \u00a0 \u00a0 \u00a0 \u00a0\u00a02004, \u00a0 \u00a0 \u00a0 \u00a0\u00a02005, \u00a0 \u00a0 \u00a0 \u00a0\u00a02006, \u00a0 \u00a0 \u00a0 \u00a0\u00a02007, \u00a0 \u00a0 \u00a0 \u00a0\u00a02008, \u00a0 \u00a0 \u00a0 \u00a0\u00a02009, \u00a0 \u00a0 \u00a0 \u00a0 2010,\u00a0\u00a0 \u00a0 \u00a0 \u00a0 \u00a0 2011 weiter&#8230;..<\/p>\n","protected":false},"author":4,"featured_media":0,"parent":76,"menu_order":1,"comment_status":"closed","ping_status":"closed","template":"","meta":{"footnotes":""},"class_list":["post-640","page","type-page","status-publish","hentry"],"_links":{"self":[{"href":"https:\/\/liederkranz-pohl-goens.de\/index.php\/wp-json\/wp\/v2\/pages\/640","targetHints":{"allow":["GET"]}}],"collection":[{"href":"https:\/\/liederkranz-pohl-goens.de\/index.php\/wp-json\/wp\/v2\/pages"}],"about":[{"href":"https:\/\/liederkranz-pohl-goens.de\/index.php\/wp-json\/wp\/v2\/types\/page"}],"author":[{"embeddable":true,"href":"https:\/\/liederkranz-pohl-goens.de\/index.php\/wp-json\/wp\/v2\/users\/4"}],"replies":[{"embeddable":true,"href":"https:\/\/liederkranz-pohl-goens.de\/index.php\/wp-json\/wp\/v2\/comments?post=640"}],"version-history":[{"count":9,"href":"https:\/\/liederkranz-pohl-goens.de\/index.php\/wp-json\/wp\/v2\/pages\/640\/revisions"}],"predecessor-version":[{"id":4270,"href":"https:\/\/liederkranz-pohl-goens.de\/index.php\/wp-json\/wp\/v2\/pages\/640\/revisions\/4270"}],"up":[{"embeddable":true,"href":"https:\/\/liederkranz-pohl-goens.de\/index.php\/wp-json\/wp\/v2\/pages\/76"}],"wp:attachment":[{"href":"https:\/\/liederkranz-pohl-goens.de\/index.php\/wp-json\/wp\/v2\/media?parent=640"}],"curies":[{"name":"wp","href":"https:\/\/api.w.org\/{rel}","templated":true}]}}