{"id":642,"date":"2017-05-10T10:28:35","date_gmt":"2017-05-10T08:28:35","guid":{"rendered":"http:\/\/liederkranz-pohl-goens.de\/?page_id=642"},"modified":"2018-12-11T10:10:06","modified_gmt":"2018-12-11T09:10:06","slug":"chronik-des-jahres-2012","status":"publish","type":"page","link":"https:\/\/liederkranz-pohl-goens.de\/index.php\/chronik\/chronik-des-jahres-2012\/","title":{"rendered":"Das Jahr  2012"},"content":{"rendered":"<p style=\"text-align: justify;\">F\u00fcr das Jahr <strong>2012<\/strong> waren wieder einige Highlights geplant. Man startete das Jahr erneut mit einer Werbekampagne, wodurch drei neue S\u00e4ngerinnen und S\u00e4nger begr\u00fc\u00dft werden konnten. Mit viel Elan stieg man in die Probenarbeit ein. Zun\u00e4chst hatte der Liederkranz am 21. und 22. April zu einem Fr\u00fchlings- und Weinfest eingeladen. Auch hier wurden wieder gesellige Stunden bei Musik und Wein verbracht. H\u00f6hepunkt war der Gottesdienst am Sonntag morgen, der gemeinsam vom Liederkranz und der Jugendband der Kirchengemeinden von Pohl- und Kirch-G\u00f6ns gestaltet wurde und gro\u00dfen Anklang fand.<\/p>\n<p style=\"text-align: justify;\">Das n\u00e4chste Projekt lies nicht lange auf sich warten. Am Pfingstsonntag begr\u00fc\u00dfte der Liederkranz den Konzertchor der Missouri State University\u00a0 unter der Leitung von Dr. Guy B. Webb im Butzbacher B\u00fcrgerhaus. Der hochkar\u00e4tige Chor wurde gemeinsam vom Liederkranz und B\u00fcrgermeister Michael Merle im Museum der Stadt Butzbach begr\u00fc\u00dft und durfte sich in das &#8222;Goldene Buch&#8220; der Stadt eintragen. Bereits hier gab der Universit\u00e4tschor eine kleine Kostprobe ihres Repertoires, was bei den Anwesenden f\u00fcr erste G\u00e4nsehautmomente sorgte und man gespannt dem gemeinsamen Konzert am Abend im Butzbacher B\u00fcrgerhaus entgegen fieberte. Dieses wurde ein voller Erfolg und die vielen G\u00e4ste bedachten beide Ch\u00f6re mit lang anhaltendem Applaus. Im Anschluss daran verbrachte der Liederkranz noch ein paar gesellige Stunden mit dem Missouri State University Choir, bevor die jungen M\u00e4nner und Frauen sich auf den Weg machten, der sie auf ihrer Europatournee noch nach Frankreich f\u00fchrte.<\/p>\n<p style=\"text-align: justify;\">Im August wurde im Hinblick auf den Chorwettbewerb im September eine Vokalexkursion nach Aschaffenburg unternommen. Ein Wochenende ganz dem Chorgesang widmen, das war das Ziel des Wochenendausfluges. Man probte intensiv und umrahmte die nachmitt\u00e4gliche Messe. Abends verbrachte man feucht-fr\u00f6hliche Stunden auf dem Aschaffenburger Stadtfest. Sonntags unternahm der Chor zun\u00e4chst einen Stadtrundgang und gab an verschiedenen Stellen das ein oder andere Lied zum Besten. Im Anschluss daran wurde noch einmal gemeinsam geprobt, bevor man gegen Abend den Heimweg antrat.<\/p>\n<p style=\"text-align: justify;\">Im September fand dann ein Chorwettbewerb in Somborn statt, an dem der Gesangverein Liederkranz mit \u00fcber 50 S\u00e4ngerinnen und S\u00e4ngern hochmotiviert und sehr gut vorbereitet teilnahm. Gegen zwei starke Gegner, der Concordia Liederkranz Ettingshausen und Teutonia Nordeck, galt es alles zu geben und gro\u00df war die Freude, dass man mit 20.75 Punkten gemeinsam mit Nordeck einen guten 2. Platz, und damit ein Silberdiplom, ersungen hatte. Einzig 0.19 Punkte fehlten dem Liederkranz zum 1. Platz und dem Golddiplom.<\/p>\n<p style=\"text-align: justify;\">Nach diesem erfolgreichen Chorwettbewerb umrahmte der Liederkranz ebenfalls im September die Feierlichkeiten zum 150j\u00e4hrigen Bestehen des Gesangvereins aus Kirch-G\u00f6ns und veranstaltete im November, anstatt der traditionellen Weihnachtsfeier ein Herbstfest und lies die sch\u00f6nen und aufregenden Momente des Jahres noch einmal Revue passieren.<\/p>\n<p style=\"text-align: center;\"><a href=\"https:\/\/liederkranz-pohl-goens.de\/index.php\/chronik\/chronik-des-jahres-2013\/\">weiter&#8230;.<\/a><\/p>\n","protected":false},"excerpt":{"rendered":"<p>F\u00fcr das Jahr 2012 waren wieder einige Highlights geplant. Man startete das Jahr erneut mit einer Werbekampagne, wodurch drei neue S\u00e4ngerinnen und S\u00e4nger begr\u00fc\u00dft werden konnten. Mit viel Elan stieg man in die Probenarbeit ein. Zun\u00e4chst hatte der Liederkranz am 21. und 22. April zu einem Fr\u00fchlings- und Weinfest eingeladen.<\/p>\n","protected":false},"author":4,"featured_media":0,"parent":76,"menu_order":2,"comment_status":"closed","ping_status":"closed","template":"","meta":{"footnotes":""},"class_list":["post-642","page","type-page","status-publish","hentry"],"_links":{"self":[{"href":"https:\/\/liederkranz-pohl-goens.de\/index.php\/wp-json\/wp\/v2\/pages\/642","targetHints":{"allow":["GET"]}}],"collection":[{"href":"https:\/\/liederkranz-pohl-goens.de\/index.php\/wp-json\/wp\/v2\/pages"}],"about":[{"href":"https:\/\/liederkranz-pohl-goens.de\/index.php\/wp-json\/wp\/v2\/types\/page"}],"author":[{"embeddable":true,"href":"https:\/\/liederkranz-pohl-goens.de\/index.php\/wp-json\/wp\/v2\/users\/4"}],"replies":[{"embeddable":true,"href":"https:\/\/liederkranz-pohl-goens.de\/index.php\/wp-json\/wp\/v2\/comments?post=642"}],"version-history":[{"count":5,"href":"https:\/\/liederkranz-pohl-goens.de\/index.php\/wp-json\/wp\/v2\/pages\/642\/revisions"}],"predecessor-version":[{"id":4252,"href":"https:\/\/liederkranz-pohl-goens.de\/index.php\/wp-json\/wp\/v2\/pages\/642\/revisions\/4252"}],"up":[{"embeddable":true,"href":"https:\/\/liederkranz-pohl-goens.de\/index.php\/wp-json\/wp\/v2\/pages\/76"}],"wp:attachment":[{"href":"https:\/\/liederkranz-pohl-goens.de\/index.php\/wp-json\/wp\/v2\/media?parent=642"}],"curies":[{"name":"wp","href":"https:\/\/api.w.org\/{rel}","templated":true}]}}