{"id":65,"date":"2017-02-22T22:00:12","date_gmt":"2017-02-22T21:00:12","guid":{"rendered":"http:\/\/liederkranz-pohl-goens.de\/wordpress\/?page_id=65"},"modified":"2018-11-15T13:46:55","modified_gmt":"2018-11-15T12:46:55","slug":"ueber-uns","status":"publish","type":"page","link":"https:\/\/liederkranz-pohl-goens.de\/index.php\/ueber-uns\/","title":{"rendered":"\u00dcber uns"},"content":{"rendered":"<h1>Die Liederkranzfamilie<\/h1>\n<h1><img loading=\"lazy\" decoding=\"async\" class=\"wp-image-192 aligncenter\" src=\"https:\/\/liederkranz-pohl-goens.de\/wp-content\/uploads\/2017\/02\/chor-spass_halbe-groesse-1-300x85.jpg\" alt=\"\" width=\"801\" height=\"227\" srcset=\"https:\/\/liederkranz-pohl-goens.de\/wp-content\/uploads\/2017\/02\/chor-spass_halbe-groesse-1-300x85.jpg 300w, https:\/\/liederkranz-pohl-goens.de\/wp-content\/uploads\/2017\/02\/chor-spass_halbe-groesse-1-768x218.jpg 768w, https:\/\/liederkranz-pohl-goens.de\/wp-content\/uploads\/2017\/02\/chor-spass_halbe-groesse-1-1024x291.jpg 1024w, https:\/\/liederkranz-pohl-goens.de\/wp-content\/uploads\/2017\/02\/chor-spass_halbe-groesse-1-1200x341.jpg 1200w, https:\/\/liederkranz-pohl-goens.de\/wp-content\/uploads\/2017\/02\/chor-spass_halbe-groesse-1.jpg 1523w\" sizes=\"auto, (max-width: 801px) 100vw, 801px\" \/><\/h1>\n<p style=\"text-align: justify;\">Der Gesangverein \u00bbLiederkranz\u00ab 1879 Pohl-G\u00f6ns e.V. wurde als M\u00e4nnerchor gegr\u00fcndet. Im Jahr 1963 entschied man sich, in dem kleinen D\u00f6rfchen Pohl-G\u00f6ns (heute ein Stadtteil von Butzbach) ca. 50 km n\u00f6rdlich von Frankfurt und 15 km s\u00fcdlich von Gie\u00dfen gelegen, den M\u00e4nnerchor aufzul\u00f6sen und einen Gemischten Chor zu gr\u00fcnden. Seitdem nimmt der \u00bbLiederkranz\u00ab regelm\u00e4\u00dfig, erfolgreich, an nationalen Wettbewerben, Kritiksingen und Liederabenden teil. Konzerte im In- und Ausland werden ebenso gestaltet wie die \u00f6rtlichen Feste und Veranstaltungen.<\/p>\n<p style=\"text-align: justify;\">Das Repertoire reicht von sakraler Chorliteratur \u00fcber anspruchsvolle weltliche Kompositionen, verschiedener Epochen, hin zu Gospels und internationalen Volksliedern, Schlager und POP-Musikst\u00fccke.<\/p>\n<p style=\"text-align: justify;\">Der ca. 65 Personen umfassende Chor singt erfolgreich und mit viel Spa\u00df, seit 2006, unter der bew\u00e4hrten Leitung von Chorleiter Martin Winkler, Dreieich.<\/p>\n<p style=\"text-align: justify;\"><div id=\"mtphr-dnt-412\" class=\"mtphr-dnt mtphr-dnt-412 mtphr-dnt-default mtphr-dnt-scroll mtphr-dnt-scroll-left\"><div class=\"mtphr-dnt-wrapper mtphr-dnt-clearfix\"><div class=\"mtphr-dnt-tick-container\"><div class=\"mtphr-dnt-tick-contents\"><div class=\"mtphr-dnt-tick mtphr-dnt-default-tick mtphr-dnt-clearfix \"><img loading=\"lazy\" decoding=\"async\" class=\"alignnone size-medium wp-image-335\" src=\"http:\/\/liederkranz-pohl-goens.de\/wp-content\/uploads\/2017\/04\/Noten-schwarz-300x73.jpg\" alt=\"\" width=\"300\" height=\"73\" srcset=\"https:\/\/liederkranz-pohl-goens.de\/wp-content\/uploads\/2017\/04\/Noten-schwarz-300x73.jpg 300w, https:\/\/liederkranz-pohl-goens.de\/wp-content\/uploads\/2017\/04\/Noten-schwarz-768x187.jpg 768w, https:\/\/liederkranz-pohl-goens.de\/wp-content\/uploads\/2017\/04\/Noten-schwarz-1024x249.jpg 1024w, https:\/\/liederkranz-pohl-goens.de\/wp-content\/uploads\/2017\/04\/Noten-schwarz-1200x292.jpg 1200w\" sizes=\"auto, (max-width: 300px) 100vw, 300px\" \/><img loading=\"lazy\" decoding=\"async\" class=\"alignnone wp-image-437\" src=\"http:\/\/liederkranz-pohl-goens.de\/wp-content\/uploads\/2017\/04\/chorim_tore-198x300.jpg\" alt=\"\" width=\"170\" height=\"258\" srcset=\"https:\/\/liederkranz-pohl-goens.de\/wp-content\/uploads\/2017\/04\/chorim_tore-198x300.jpg 198w, https:\/\/liederkranz-pohl-goens.de\/wp-content\/uploads\/2017\/04\/chorim_tore.jpg 330w\" sizes=\"auto, (max-width: 170px) 100vw, 170px\" \/><img loading=\"lazy\" decoding=\"async\" class=\"alignnone wp-image-1098\" src=\"http:\/\/liederkranz-pohl-goens.de\/wp-content\/uploads\/2017\/08\/Ortsbegehung2017-150x150.jpg\" alt=\"\" width=\"218\" height=\"218\" srcset=\"https:\/\/liederkranz-pohl-goens.de\/wp-content\/uploads\/2017\/08\/Ortsbegehung2017-150x150.jpg 150w, https:\/\/liederkranz-pohl-goens.de\/wp-content\/uploads\/2017\/08\/Ortsbegehung2017-300x300.jpg 300w\" sizes=\"auto, (max-width: 218px) 100vw, 218px\" \/><img loading=\"lazy\" decoding=\"async\" class=\"alignnone wp-image-438\" src=\"http:\/\/liederkranz-pohl-goens.de\/wp-content\/uploads\/2017\/04\/chorim_geb-kinder_lukasgerti-204x300.jpg\" alt=\"\" width=\"173\" height=\"254\" srcset=\"https:\/\/liederkranz-pohl-goens.de\/wp-content\/uploads\/2017\/04\/chorim_geb-kinder_lukasgerti-204x300.jpg 204w, https:\/\/liederkranz-pohl-goens.de\/wp-content\/uploads\/2017\/04\/chorim_geb-kinder_lukasgerti.jpg 340w\" sizes=\"auto, (max-width: 173px) 100vw, 173px\" \/><img loading=\"lazy\" decoding=\"async\" class=\"alignnone wp-image-1353\" src=\"http:\/\/liederkranz-pohl-goens.de\/wp-content\/uploads\/2018\/01\/IMG_0604-150x150.jpg\" alt=\"\" width=\"217\" height=\"217\" srcset=\"https:\/\/liederkranz-pohl-goens.de\/wp-content\/uploads\/2018\/01\/IMG_0604-150x150.jpg 150w, https:\/\/liederkranz-pohl-goens.de\/wp-content\/uploads\/2018\/01\/IMG_0604-300x300.jpg 300w\" sizes=\"auto, (max-width: 217px) 100vw, 217px\" \/><img loading=\"lazy\" decoding=\"async\" class=\"alignnone wp-image-436\" src=\"http:\/\/liederkranz-pohl-goens.de\/wp-content\/uploads\/2017\/04\/chorimpressionen-03claudichristinedoro-300x300.jpg\" alt=\"\" width=\"275\" height=\"275\" srcset=\"https:\/\/liederkranz-pohl-goens.de\/wp-content\/uploads\/2017\/04\/chorimpressionen-03claudichristinedoro-300x300.jpg 300w, https:\/\/liederkranz-pohl-goens.de\/wp-content\/uploads\/2017\/04\/chorimpressionen-03claudichristinedoro-150x150.jpg 150w, https:\/\/liederkranz-pohl-goens.de\/wp-content\/uploads\/2017\/04\/chorimpressionen-03claudichristinedoro.jpg 381w\" sizes=\"auto, (max-width: 275px) 100vw, 275px\" \/><img loading=\"lazy\" decoding=\"async\" class=\"alignnone wp-image-433\" src=\"http:\/\/liederkranz-pohl-goens.de\/wp-content\/uploads\/2017\/04\/chorimpressionen_dianesusanne.jpg\" alt=\"\" width=\"207\" height=\"230\" \/><img loading=\"lazy\" decoding=\"async\" class=\"alignnone wp-image-1058\" src=\"http:\/\/liederkranz-pohl-goens.de\/wp-content\/uploads\/2017\/02\/Chorst\u00e4ndchen-150x150.jpg\" alt=\"\" width=\"216\" height=\"216\" srcset=\"https:\/\/liederkranz-pohl-goens.de\/wp-content\/uploads\/2017\/02\/Chorst\u00e4ndchen-150x150.jpg 150w, https:\/\/liederkranz-pohl-goens.de\/wp-content\/uploads\/2017\/02\/Chorst\u00e4ndchen-300x300.jpg 300w\" sizes=\"auto, (max-width: 216px) 100vw, 216px\" \/><img loading=\"lazy\" decoding=\"async\" class=\"alignnone wp-image-430\" src=\"http:\/\/liederkranz-pohl-goens.de\/wp-content\/uploads\/2017\/04\/chorimpressionen_juergenlothar-300x214.jpg\" alt=\"\" width=\"327\" height=\"233\" srcset=\"https:\/\/liederkranz-pohl-goens.de\/wp-content\/uploads\/2017\/04\/chorimpressionen_juergenlothar-300x214.jpg 300w, https:\/\/liederkranz-pohl-goens.de\/wp-content\/uploads\/2017\/04\/chorimpressionen_juergenlothar.jpg 388w\" sizes=\"auto, (max-width: 327px) 100vw, 327px\" \/><img loading=\"lazy\" decoding=\"async\" class=\"alignnone size-medium wp-image-431\" src=\"http:\/\/liederkranz-pohl-goens.de\/wp-content\/uploads\/2017\/04\/chorimpressionen_felixhannelore_stimmbildung-161x300.jpg\" alt=\"\" width=\"161\" height=\"300\" srcset=\"https:\/\/liederkranz-pohl-goens.de\/wp-content\/uploads\/2017\/04\/chorimpressionen_felixhannelore_stimmbildung-161x300.jpg 161w, https:\/\/liederkranz-pohl-goens.de\/wp-content\/uploads\/2017\/04\/chorimpressionen_felixhannelore_stimmbildung.jpg 313w\" sizes=\"auto, (max-width: 161px) 100vw, 161px\" \/><img loading=\"lazy\" decoding=\"async\" class=\"alignnone size-medium wp-image-428\" src=\"http:\/\/liederkranz-pohl-goens.de\/wp-content\/uploads\/2017\/04\/chorimpressionen_lukaspokal-300x290.jpg\" alt=\"\" width=\"300\" height=\"290\" srcset=\"https:\/\/liederkranz-pohl-goens.de\/wp-content\/uploads\/2017\/04\/chorimpressionen_lukaspokal-300x290.jpg 300w, https:\/\/liederkranz-pohl-goens.de\/wp-content\/uploads\/2017\/04\/chorimpressionen_lukaspokal.jpg 315w\" sizes=\"auto, (max-width: 300px) 100vw, 300px\" \/><img loading=\"lazy\" decoding=\"async\" class=\"alignnone wp-image-427\" src=\"http:\/\/liederkranz-pohl-goens.de\/wp-content\/uploads\/2017\/04\/chorimpressionen_ortsschild-300x204.jpg\" alt=\"\" width=\"350\" height=\"238\" srcset=\"https:\/\/liederkranz-pohl-goens.de\/wp-content\/uploads\/2017\/04\/chorimpressionen_ortsschild-300x204.jpg 300w, https:\/\/liederkranz-pohl-goens.de\/wp-content\/uploads\/2017\/04\/chorimpressionen_ortsschild.jpg 445w\" sizes=\"auto, (max-width: 350px) 100vw, 350px\" \/><img loading=\"lazy\" decoding=\"async\" class=\"alignnone wp-image-3151\" src=\"http:\/\/liederkranz-pohl-goens.de\/wp-content\/uploads\/2018\/07\/11-24.07.18-150x150.jpg\" alt=\"\" width=\"214\" height=\"214\" srcset=\"https:\/\/liederkranz-pohl-goens.de\/wp-content\/uploads\/2018\/07\/11-24.07.18-150x150.jpg 150w, https:\/\/liederkranz-pohl-goens.de\/wp-content\/uploads\/2018\/07\/11-24.07.18-300x300.jpg 300w\" sizes=\"auto, (max-width: 214px) 100vw, 214px\" \/><img loading=\"lazy\" decoding=\"async\" class=\"alignnone wp-image-423\" src=\"http:\/\/liederkranz-pohl-goens.de\/wp-content\/uploads\/2017\/04\/chorimpressionen_tenor1-300x180.jpg\" alt=\"\" width=\"341\" height=\"205\" srcset=\"https:\/\/liederkranz-pohl-goens.de\/wp-content\/uploads\/2017\/04\/chorimpressionen_tenor1-300x180.jpg 300w, https:\/\/liederkranz-pohl-goens.de\/wp-content\/uploads\/2017\/04\/chorimpressionen_tenor1.jpg 369w\" sizes=\"auto, (max-width: 341px) 100vw, 341px\" \/><img loading=\"lazy\" decoding=\"async\" class=\"alignnone wp-image-424\" src=\"http:\/\/liederkranz-pohl-goens.de\/wp-content\/uploads\/2017\/04\/chorimpressionen_probe-sopran1-300x170.jpg\" alt=\"\" width=\"356\" height=\"202\" srcset=\"https:\/\/liederkranz-pohl-goens.de\/wp-content\/uploads\/2017\/04\/chorimpressionen_probe-sopran1-300x170.jpg 300w, https:\/\/liederkranz-pohl-goens.de\/wp-content\/uploads\/2017\/04\/chorimpressionen_probe-sopran1.jpg 453w\" sizes=\"auto, (max-width: 356px) 100vw, 356px\" \/><img loading=\"lazy\" decoding=\"async\" class=\"alignnone size-medium wp-image-426\" src=\"http:\/\/liederkranz-pohl-goens.de\/wp-content\/uploads\/2017\/04\/chorimpressionen_martindieter-300x256.jpg\" alt=\"\" width=\"300\" height=\"256\" srcset=\"https:\/\/liederkranz-pohl-goens.de\/wp-content\/uploads\/2017\/04\/chorimpressionen_martindieter-300x256.jpg 300w, https:\/\/liederkranz-pohl-goens.de\/wp-content\/uploads\/2017\/04\/chorimpressionen_martindieter.jpg 372w\" sizes=\"auto, (max-width: 300px) 100vw, 300px\" \/><img loading=\"lazy\" decoding=\"async\" class=\"alignnone wp-image-425\" src=\"http:\/\/liederkranz-pohl-goens.de\/wp-content\/uploads\/2017\/04\/chorimpressionen_probe-bass-300x165.jpg\" alt=\"\" width=\"336\" height=\"185\" srcset=\"https:\/\/liederkranz-pohl-goens.de\/wp-content\/uploads\/2017\/04\/chorimpressionen_probe-bass-300x165.jpg 300w, https:\/\/liederkranz-pohl-goens.de\/wp-content\/uploads\/2017\/04\/chorimpressionen_probe-bass.jpg 451w\" sizes=\"auto, (max-width: 336px) 100vw, 336px\" \/><img loading=\"lazy\" decoding=\"async\" class=\"alignnone size-medium wp-image-422\" src=\"http:\/\/liederkranz-pohl-goens.de\/wp-content\/uploads\/2017\/04\/chorimpressionen_stimmbildung-300x189.jpg\" alt=\"\" width=\"300\" height=\"189\" srcset=\"https:\/\/liederkranz-pohl-goens.de\/wp-content\/uploads\/2017\/04\/chorimpressionen_stimmbildung-300x189.jpg 300w, https:\/\/liederkranz-pohl-goens.de\/wp-content\/uploads\/2017\/04\/chorimpressionen_stimmbildung.jpg 755w\" sizes=\"auto, (max-width: 300px) 100vw, 300px\" \/><img loading=\"lazy\" decoding=\"async\" class=\"alignnone size-medium wp-image-335\" src=\"http:\/\/liederkranz-pohl-goens.de\/wp-content\/uploads\/2017\/04\/Noten-schwarz-300x73.jpg\" alt=\"\" width=\"300\" height=\"73\" srcset=\"https:\/\/liederkranz-pohl-goens.de\/wp-content\/uploads\/2017\/04\/Noten-schwarz-300x73.jpg 300w, https:\/\/liederkranz-pohl-goens.de\/wp-content\/uploads\/2017\/04\/Noten-schwarz-768x187.jpg 768w, https:\/\/liederkranz-pohl-goens.de\/wp-content\/uploads\/2017\/04\/Noten-schwarz-1024x249.jpg 1024w, https:\/\/liederkranz-pohl-goens.de\/wp-content\/uploads\/2017\/04\/Noten-schwarz-1200x292.jpg 1200w\" sizes=\"auto, (max-width: 300px) 100vw, 300px\" \/><\/div><\/div><\/div><\/div><\/div><\/p>\n","protected":false},"excerpt":{"rendered":"<p>Die Liederkranzfamilie Der Gesangverein \u00bbLiederkranz\u00ab 1879 Pohl-G\u00f6ns e.V. wurde als M\u00e4nnerchor gegr\u00fcndet. Im Jahr 1963 entschied man sich, in dem kleinen D\u00f6rfchen Pohl-G\u00f6ns (heute ein Stadtteil von Butzbach) ca. 50 km n\u00f6rdlich von Frankfurt und 15 km s\u00fcdlich von Gie\u00dfen gelegen, den M\u00e4nnerchor aufzul\u00f6sen und einen Gemischten Chor zu gr\u00fcnden.<\/p>\n","protected":false},"author":1,"featured_media":0,"parent":0,"menu_order":0,"comment_status":"closed","ping_status":"closed","template":"","meta":{"footnotes":""},"class_list":["post-65","page","type-page","status-publish","hentry"],"_links":{"self":[{"href":"https:\/\/liederkranz-pohl-goens.de\/index.php\/wp-json\/wp\/v2\/pages\/65","targetHints":{"allow":["GET"]}}],"collection":[{"href":"https:\/\/liederkranz-pohl-goens.de\/index.php\/wp-json\/wp\/v2\/pages"}],"about":[{"href":"https:\/\/liederkranz-pohl-goens.de\/index.php\/wp-json\/wp\/v2\/types\/page"}],"author":[{"embeddable":true,"href":"https:\/\/liederkranz-pohl-goens.de\/index.php\/wp-json\/wp\/v2\/users\/1"}],"replies":[{"embeddable":true,"href":"https:\/\/liederkranz-pohl-goens.de\/index.php\/wp-json\/wp\/v2\/comments?post=65"}],"version-history":[{"count":17,"href":"https:\/\/liederkranz-pohl-goens.de\/index.php\/wp-json\/wp\/v2\/pages\/65\/revisions"}],"predecessor-version":[{"id":2005,"href":"https:\/\/liederkranz-pohl-goens.de\/index.php\/wp-json\/wp\/v2\/pages\/65\/revisions\/2005"}],"wp:attachment":[{"href":"https:\/\/liederkranz-pohl-goens.de\/index.php\/wp-json\/wp\/v2\/media?parent=65"}],"curies":[{"name":"wp","href":"https:\/\/api.w.org\/{rel}","templated":true}]}}