{"id":671,"date":"2017-05-11T08:39:51","date_gmt":"2017-05-11T06:39:51","guid":{"rendered":"http:\/\/liederkranz-pohl-goens.de\/?page_id=671"},"modified":"2018-12-11T10:19:12","modified_gmt":"2018-12-11T09:19:12","slug":"das-jahr-2014","status":"publish","type":"page","link":"https:\/\/liederkranz-pohl-goens.de\/index.php\/chronik\/das-jahr-2014\/","title":{"rendered":"Das Jahr 2014"},"content":{"rendered":"<p><span style=\"font-family: arial, helvetica, sans-serif;\">Der Liederkranz wieder\u00a0 in der Erfolgsspur\u2026, so titelte die BZ zum Start in <strong>das Jahr 2014<\/strong> und es wurde nicht zu viel versprochen.<\/span><\/p>\n<p><span style=\"font-family: arial, helvetica, sans-serif;\"><img loading=\"lazy\" decoding=\"async\" class=\"size-medium wp-image-690 alignleft\" src=\"https:\/\/liederkranz-pohl-goens.de\/wp-content\/uploads\/2017\/05\/IMG_0645-268x300.jpg\" alt=\"\" width=\"268\" height=\"300\" srcset=\"https:\/\/liederkranz-pohl-goens.de\/wp-content\/uploads\/2017\/05\/IMG_0645-268x300.jpg 268w, https:\/\/liederkranz-pohl-goens.de\/wp-content\/uploads\/2017\/05\/IMG_0645-768x859.jpg 768w, https:\/\/liederkranz-pohl-goens.de\/wp-content\/uploads\/2017\/05\/IMG_0645-916x1024.jpg 916w, https:\/\/liederkranz-pohl-goens.de\/wp-content\/uploads\/2017\/05\/IMG_0645-960x1074.jpg 960w\" sizes=\"auto, (max-width: 268px) 100vw, 268px\" \/><\/span><\/p>\n<p><span style=\"font-family: arial, helvetica, sans-serif;\">Im Fr\u00fchjahr folgte der Gesangverein\u00a0 Liederkranz der Einladung des Quartettverein nach Villmar zu Tag der Ch\u00f6re incl. Workshop mit Martin Winkler und J\u00fcrgen Fa\u00dfbender mit anschlie\u00dfendem Konzert aller Ch\u00f6re.<\/span><\/p>\n<p><span style=\"font-family: arial, helvetica, sans-serif;\">Der Fr\u00fchling war gepr\u00e4gt von der Organisation des Bembels\u00e4nger-Konzertes in der Alten Turnhalle in Butzbach. Im Wonnemonat Mai unterst\u00fctzen wir tatkr\u00e4ftig die FFW Pohl G\u00f6ns beim Dorfparkfest.<\/span><\/p>\n<p>&nbsp;<\/p>\n<p><span style=\"font-family: arial, helvetica, sans-serif;\"><img loading=\"lazy\" decoding=\"async\" class=\"wp-image-693 size-medium alignright\" src=\"https:\/\/liederkranz-pohl-goens.de\/wp-content\/uploads\/2017\/05\/IMG_0957-300x170.jpg\" alt=\"\" width=\"300\" height=\"170\" srcset=\"https:\/\/liederkranz-pohl-goens.de\/wp-content\/uploads\/2017\/05\/IMG_0957-300x170.jpg 300w, https:\/\/liederkranz-pohl-goens.de\/wp-content\/uploads\/2017\/05\/IMG_0957-768x434.jpg 768w, https:\/\/liederkranz-pohl-goens.de\/wp-content\/uploads\/2017\/05\/IMG_0957.jpg 800w\" sizes=\"auto, (max-width: 300px) 100vw, 300px\" \/><\/span><\/p>\n<p><span style=\"font-family: arial, helvetica, sans-serif;\">Ende Juni folgte dann das erste Highlight des Jahres\u00a0die Chorfahrt nach Bamberg.<\/span><\/p>\n<p><span style=\"font-family: arial, helvetica, sans-serif;\">Anschlie\u00dfend\u00a0 erreichte der Liederkranz beim Volksliederwettbewerb in H\u00fcttenberg mit 21,75 Punkten ein Silber-Diplom und den 1. Klassenpreis.<\/span><\/p>\n<p><span style=\"font-family: arial, helvetica, sans-serif;\">Im Oktober dann das zweite.. eigentlich das wahre Highlight des Jahres 2014\u2026. der Liederkranz feierte den 90. Geburtstag von \u201aunserem\u2018 Eugen!<\/span><\/p>\n<p><span style=\"font-family: arial, helvetica, sans-serif;\">Zur Abendmusik in der Kirch-G\u00f6nser Kirche lud man im November gemeinsam mit dem Solisten-Quintett Enchanted.<\/span><\/p>\n<p><span style=\"font-family: arial, helvetica, sans-serif;\">Am 28.11. wurde die erfolgreiche Veranstaltung &#8222;In Pohl-G\u00f6ns bleiben die Lichter an&#8220; stimmungsvoll vom Liederkranz musikalisch umrahmt.<\/span><\/p>\n<p><span style=\"font-family: arial, helvetica, sans-serif;\">Der Dezember war gepr\u00e4gt von der Vorbereitung auf das Weihnachtsfest mit Teilnahme am Seniorennachmittag.<\/span><\/p>\n<p><span style=\"font-family: arial, helvetica, sans-serif;\">Der Kr\u00f6nende Abschluss des Liederkranz Jahres war die Adventsandacht mit anschlie\u00dfender Weihnachtsfeier im festlich geschm\u00fcckten B\u00fcrgertreff.<\/span><\/p>\n<p style=\"text-align: center;\"><a href=\"https:\/\/liederkranz-pohl-goens.de\/index.php\/chronik\/das-jahr-2015\/\">weiter&#8230;.<\/a><\/p>\n","protected":false},"excerpt":{"rendered":"<p>Der Liederkranz wieder\u00a0 in der Erfolgsspur\u2026, so titelte die BZ zum Start in das Jahr 2014 und es wurde nicht zu viel versprochen. Im Fr\u00fchjahr folgte der Gesangverein\u00a0 Liederkranz der Einladung des Quartettverein nach Villmar zu Tag der Ch\u00f6re incl. Workshop mit Martin Winkler und J\u00fcrgen Fa\u00dfbender mit anschlie\u00dfendem Konzert<\/p>\n","protected":false},"author":1,"featured_media":0,"parent":76,"menu_order":4,"comment_status":"closed","ping_status":"closed","template":"","meta":{"footnotes":""},"class_list":["post-671","page","type-page","status-publish","hentry"],"_links":{"self":[{"href":"https:\/\/liederkranz-pohl-goens.de\/index.php\/wp-json\/wp\/v2\/pages\/671","targetHints":{"allow":["GET"]}}],"collection":[{"href":"https:\/\/liederkranz-pohl-goens.de\/index.php\/wp-json\/wp\/v2\/pages"}],"about":[{"href":"https:\/\/liederkranz-pohl-goens.de\/index.php\/wp-json\/wp\/v2\/types\/page"}],"author":[{"embeddable":true,"href":"https:\/\/liederkranz-pohl-goens.de\/index.php\/wp-json\/wp\/v2\/users\/1"}],"replies":[{"embeddable":true,"href":"https:\/\/liederkranz-pohl-goens.de\/index.php\/wp-json\/wp\/v2\/comments?post=671"}],"version-history":[{"count":17,"href":"https:\/\/liederkranz-pohl-goens.de\/index.php\/wp-json\/wp\/v2\/pages\/671\/revisions"}],"predecessor-version":[{"id":4260,"href":"https:\/\/liederkranz-pohl-goens.de\/index.php\/wp-json\/wp\/v2\/pages\/671\/revisions\/4260"}],"up":[{"embeddable":true,"href":"https:\/\/liederkranz-pohl-goens.de\/index.php\/wp-json\/wp\/v2\/pages\/76"}],"wp:attachment":[{"href":"https:\/\/liederkranz-pohl-goens.de\/index.php\/wp-json\/wp\/v2\/media?parent=671"}],"curies":[{"name":"wp","href":"https:\/\/api.w.org\/{rel}","templated":true}]}}