{"id":6785,"date":"2019-11-20T22:15:20","date_gmt":"2019-11-20T21:15:20","guid":{"rendered":"http:\/\/liederkranz-pohl-goens.de\/?page_id=6785"},"modified":"2023-04-11T13:36:40","modified_gmt":"2023-04-11T11:36:40","slug":"unser-imagefilm","status":"publish","type":"page","link":"https:\/\/liederkranz-pohl-goens.de\/index.php\/ueber-uns\/unser-imagefilm\/","title":{"rendered":"Unser Imagefilm"},"content":{"rendered":"<div class=\"wp-block-image\">\n<figure class=\"alignright\"><a href=\"https:\/\/liederkranz-pohl-goens.de\/templates\/jaw054\/MP4-Filme\/Liederkranz Image Gro\u00dfbild_512.mp4\" target=\"_blank\" rel=\"noopener\"><img loading=\"lazy\" decoding=\"async\" width=\"300\" height=\"225\" src=\"https:\/\/liederkranz-pohl-goens.de\/wp-content\/uploads\/2017\/02\/28-08-2016_05_planen-machen-gucken_klein-300x225.jpg\" alt=\"\" class=\"wp-image-122\" srcset=\"https:\/\/liederkranz-pohl-goens.de\/wp-content\/uploads\/2017\/02\/28-08-2016_05_planen-machen-gucken_klein-300x225.jpg 300w, https:\/\/liederkranz-pohl-goens.de\/wp-content\/uploads\/2017\/02\/28-08-2016_05_planen-machen-gucken_klein.jpg 640w\" sizes=\"auto, (max-width: 300px) 100vw, 300px\" \/><\/a><\/figure>\n<\/div>\n\n\n<p>\u201eLiederkranz goes Hollywood\u201c hie\u00df es f\u00fcr die Liederkranz-Familie im Juli und August 2016. Der Chor schlug neue Wege ein und engagierte die Firma Durchleuchter (\u201eplanen + machen + gucken \u2013 Medien und mehr UG\u201c) f\u00fcr die Erstellung eines professionellen Imagefilmes. Es handelt sich dabei um einen etwa f\u00fcnf-min\u00fctigen Video-Clip, der unseren Chor so darstellt wie er ist: Eine gro\u00dfe Familie, aber keine geschlossene Gesellschaft! Viel Spa\u00df und Freude hatten die Aktiven bei den Dreharbeiten.<\/p>\n\n\n\n<p class=\"has-text-align-left\">Unser Imagefilm lief z.B. im Open Air Kino Butzbach vor dem Hauptfilm.<\/p>\n\n\n\n<p> <\/p>\n","protected":false},"excerpt":{"rendered":"<p>\u201eLiederkranz goes Hollywood\u201c hie\u00df es f\u00fcr die Liederkranz-Familie im Juli und August 2016. Der Chor schlug neue Wege ein und engagierte die Firma Durchleuchter (\u201eplanen + machen + gucken \u2013 Medien und mehr UG\u201c) f\u00fcr die Erstellung eines professionellen Imagefilmes. Es handelt sich dabei um einen etwa f\u00fcnf-min\u00fctigen Video-Clip, der<\/p>\n","protected":false},"author":4,"featured_media":0,"parent":65,"menu_order":0,"comment_status":"closed","ping_status":"closed","template":"","meta":{"footnotes":""},"class_list":["post-6785","page","type-page","status-publish","hentry"],"_links":{"self":[{"href":"https:\/\/liederkranz-pohl-goens.de\/index.php\/wp-json\/wp\/v2\/pages\/6785","targetHints":{"allow":["GET"]}}],"collection":[{"href":"https:\/\/liederkranz-pohl-goens.de\/index.php\/wp-json\/wp\/v2\/pages"}],"about":[{"href":"https:\/\/liederkranz-pohl-goens.de\/index.php\/wp-json\/wp\/v2\/types\/page"}],"author":[{"embeddable":true,"href":"https:\/\/liederkranz-pohl-goens.de\/index.php\/wp-json\/wp\/v2\/users\/4"}],"replies":[{"embeddable":true,"href":"https:\/\/liederkranz-pohl-goens.de\/index.php\/wp-json\/wp\/v2\/comments?post=6785"}],"version-history":[{"count":8,"href":"https:\/\/liederkranz-pohl-goens.de\/index.php\/wp-json\/wp\/v2\/pages\/6785\/revisions"}],"predecessor-version":[{"id":11347,"href":"https:\/\/liederkranz-pohl-goens.de\/index.php\/wp-json\/wp\/v2\/pages\/6785\/revisions\/11347"}],"up":[{"embeddable":true,"href":"https:\/\/liederkranz-pohl-goens.de\/index.php\/wp-json\/wp\/v2\/pages\/65"}],"wp:attachment":[{"href":"https:\/\/liederkranz-pohl-goens.de\/index.php\/wp-json\/wp\/v2\/media?parent=6785"}],"curies":[{"name":"wp","href":"https:\/\/api.w.org\/{rel}","templated":true}]}}