{"id":76,"date":"2017-02-22T22:02:37","date_gmt":"2017-02-22T21:02:37","guid":{"rendered":"http:\/\/liederkranz-pohl-goens.de\/wordpress\/?page_id=76"},"modified":"2018-12-11T10:07:18","modified_gmt":"2018-12-11T09:07:18","slug":"chronik","status":"publish","type":"page","link":"https:\/\/liederkranz-pohl-goens.de\/index.php\/chronik\/","title":{"rendered":"Chronik"},"content":{"rendered":"<h1><img loading=\"lazy\" decoding=\"async\" class=\"alignnone wp-image-127 size-full\" src=\"https:\/\/liederkranz-pohl-goens.de\/wp-content\/uploads\/2017\/02\/20150712_Zuschnitt.jpg\" alt=\"\" width=\"2975\" height=\"1081\" srcset=\"https:\/\/liederkranz-pohl-goens.de\/wp-content\/uploads\/2017\/02\/20150712_Zuschnitt.jpg 2975w, https:\/\/liederkranz-pohl-goens.de\/wp-content\/uploads\/2017\/02\/20150712_Zuschnitt-300x109.jpg 300w, https:\/\/liederkranz-pohl-goens.de\/wp-content\/uploads\/2017\/02\/20150712_Zuschnitt-768x279.jpg 768w, https:\/\/liederkranz-pohl-goens.de\/wp-content\/uploads\/2017\/02\/20150712_Zuschnitt-1024x372.jpg 1024w, https:\/\/liederkranz-pohl-goens.de\/wp-content\/uploads\/2017\/02\/20150712_Zuschnitt-1200x436.jpg 1200w\" sizes=\"auto, (max-width: 2975px) 100vw, 2975px\" \/>Chronik des \u00bbLiederkranz\u00ab 1879 Pohl-G\u00f6ns e.V.<\/h1>\n<p>Seit der Vereinsgr\u00fcndung durch 24 M\u00e4nner im Jahr 1879 gab es viele Ereignisse, die in der Chronik des Vereins festgehalten wurden und von denen wir an dieser Stelle berichten k\u00f6nnten. Da dies jedoch in etlichen Festschriften und auch im Festbuch des \u00bbLiederkranz\u00ab zum 125j\u00e4hrigen Jubil\u00e4um im Jahre 2004 geschehen ist, wollen wir dies hier nicht noch einmal wiederholen.<\/p>\n<p>Was noch einmal erw\u00e4hnt werden sollte, ist die Gr\u00fcndung des gemischten Chores im Jahre 1963.<\/p>\n<p>Ansonsten sollten die Ereignisse seit 2003 Erw\u00e4hnung finden. Nachdem der \u00bbLiederkranz\u00ab von 1967 bis Ende 2002 von dem bei allen sehr beliebten Chorleiter und heutigen Ehrenchorleiter Helmut Haub geleitet wurde, \u00fcbernahm Anfang <strong>2003 <\/strong>der damalige Kreischorleiter Alexander Launspach den Chor. Sein musikalisches K\u00f6nnen wurde sehr bald auf die Probe gestellt, denn es galt, altgediente aber auch neue S\u00e4ngerinnen und S\u00e4nger, die nach einer Mitgliederwerbeaktion den Weg in den Verein gefunden hatten, gleich f\u00fcr zwei wichtige Wettbewerbe in diesem Jahr vorzubereiten. Am 22. Juni 2003 \u2013 der Dirigentenwechsel lag nur ein knappes halbes Jahr zur\u00fcck \u2013 war es dann soweit. Bei den Wettbewerben in Rockenberg und Erbach im Taunus hatte der Chor sein K\u00f6nnen unter Beweis zu stellen. Mit dem Erreichen von zwei zweiten Pl\u00e4tzen und einer Silbermedaille waren alle Aktiven nach der noch sehr kurzen Vorbereitungszeit zufrieden. Nach den eher m\u00e4\u00dfigen Fortschritten und Erfolgen des Vereins in den folgenden 3 \u00bd Jahren sollten zur weiteren positiven Entwicklung des Chores neue Wege eingeschlagen werden. Man beschloss, im Einvernehmen mit Alexander Launspach, die gemeinsame Arbeit zu beenden und sich um einen neuen Chorleiter zu bem\u00fchen.<\/p>\n<p>Am 6. September 2006 war die erste Singstunde mit dem neuen Chorleiter Martin Winkler, der bis zum heutigen Tag sehr erfolgreich die musikalischen Geschicke des Vereins lenkt. Was zun\u00e4chst nur f\u00fcr eine \u00dcbergangszeit geplant war, tr\u00e4gt nunmehr seit 3 \u00bd Jahren Fr\u00fcchte. Mit der \u00dcbernahme des Chores durch den studierten Musikwissenschaftler und Gesangsp\u00e4dagogen\u00a0 gelang es, einen \u00e4u\u00dferst versierten und renommierten Chorleiter zu verpflichten. Mit viel Humor, neuen \u00dcbungsmethoden und gro\u00dfem Engagement gelingt es ihm immer wieder, den Chor zu motivieren und zu begeistern.<\/p>\n<p style=\"text-align: center;\"><a href=\"https:\/\/liederkranz-pohl-goens.de\/index.php\/chronik\/chroniken-von-2004-2011\/\">weiter &#8230;.<\/a><\/p>\n<p>&nbsp;<\/p>\n","protected":false},"excerpt":{"rendered":"<p>Chronik des \u00bbLiederkranz\u00ab 1879 Pohl-G\u00f6ns e.V. Seit der Vereinsgr\u00fcndung durch 24 M\u00e4nner im Jahr 1879 gab es viele Ereignisse, die in der Chronik des Vereins festgehalten wurden und von denen wir an dieser Stelle berichten k\u00f6nnten. Da dies jedoch in etlichen Festschriften und auch im Festbuch des \u00bbLiederkranz\u00ab zum 125j\u00e4hrigen<\/p>\n","protected":false},"author":1,"featured_media":0,"parent":0,"menu_order":0,"comment_status":"closed","ping_status":"closed","template":"","meta":{"footnotes":""},"class_list":["post-76","page","type-page","status-publish","hentry"],"_links":{"self":[{"href":"https:\/\/liederkranz-pohl-goens.de\/index.php\/wp-json\/wp\/v2\/pages\/76","targetHints":{"allow":["GET"]}}],"collection":[{"href":"https:\/\/liederkranz-pohl-goens.de\/index.php\/wp-json\/wp\/v2\/pages"}],"about":[{"href":"https:\/\/liederkranz-pohl-goens.de\/index.php\/wp-json\/wp\/v2\/types\/page"}],"author":[{"embeddable":true,"href":"https:\/\/liederkranz-pohl-goens.de\/index.php\/wp-json\/wp\/v2\/users\/1"}],"replies":[{"embeddable":true,"href":"https:\/\/liederkranz-pohl-goens.de\/index.php\/wp-json\/wp\/v2\/comments?post=76"}],"version-history":[{"count":22,"href":"https:\/\/liederkranz-pohl-goens.de\/index.php\/wp-json\/wp\/v2\/pages\/76\/revisions"}],"predecessor-version":[{"id":4250,"href":"https:\/\/liederkranz-pohl-goens.de\/index.php\/wp-json\/wp\/v2\/pages\/76\/revisions\/4250"}],"wp:attachment":[{"href":"https:\/\/liederkranz-pohl-goens.de\/index.php\/wp-json\/wp\/v2\/media?parent=76"}],"curies":[{"name":"wp","href":"https:\/\/api.w.org\/{rel}","templated":true}]}}