{"id":7972,"date":"2021-12-22T16:25:29","date_gmt":"2021-12-22T15:25:29","guid":{"rendered":"http:\/\/liederkranz-pohl-goens.de\/?page_id=7972"},"modified":"2022-12-10T19:37:26","modified_gmt":"2022-12-10T18:37:26","slug":"das-jahr-2021","status":"publish","type":"page","link":"https:\/\/liederkranz-pohl-goens.de\/index.php\/chronik\/das-jahr-2021\/","title":{"rendered":"Das Jahr 2021"},"content":{"rendered":"\n<p>Auch in 2021 hatten wir noch mit dem Virus zu k\u00e4mpfen. <\/p>\n\n\n\n<p>So musste die f\u00fcr M\u00e4rz angesetzte Jahreshauptversammlung abgesagt werden.<\/p>\n\n\n\n<p>Auch die Diamantene Hochzeit von Hannelore und Edmund konnte nur aus der Entfernung &#8218;gefeiert&#8216; werden.<\/p>\n\n\n\n<p>Das Osterfest fand  zum 2. Mal im Lockdown statt.  Der Vorstand lie\u00df es sich jedoch nicht nehmen, wie schon im Vorjahr, eine \u00dcberraschung f\u00fcr uns bereitzustellen. So konnten wir uns \u00fcber Butterlochkuchen, Eier, S\u00fc\u00dfigkeiten und ein Schreiben freuen.<\/p>\n\n\n\n<figure class=\"wp-block-image size-large\"><img loading=\"lazy\" decoding=\"async\" width=\"1600\" height=\"1200\" src=\"https:\/\/liederkranz-pohl-goens.de\/wp-content\/uploads\/2021\/07\/Ostern-2021-1600x1200.jpeg\" alt=\"\" class=\"wp-image-7976\" srcset=\"https:\/\/liederkranz-pohl-goens.de\/wp-content\/uploads\/2021\/07\/Ostern-2021-1600x1200.jpeg 1600w, https:\/\/liederkranz-pohl-goens.de\/wp-content\/uploads\/2021\/07\/Ostern-2021-300x225.jpeg 300w, https:\/\/liederkranz-pohl-goens.de\/wp-content\/uploads\/2021\/07\/Ostern-2021-768x576.jpeg 768w, https:\/\/liederkranz-pohl-goens.de\/wp-content\/uploads\/2021\/07\/Ostern-2021-1536x1152.jpeg 1536w, https:\/\/liederkranz-pohl-goens.de\/wp-content\/uploads\/2021\/07\/Ostern-2021-2048x1536.jpeg 2048w, https:\/\/liederkranz-pohl-goens.de\/wp-content\/uploads\/2021\/07\/Ostern-2021-1000x750.jpeg 1000w, https:\/\/liederkranz-pohl-goens.de\/wp-content\/uploads\/2021\/07\/Ostern-2021-400x300.jpeg 400w\" sizes=\"auto, (max-width: 1600px) 100vw, 1600px\" \/><\/figure>\n\n\n\n<p>Wir haben die Zeit genutzt um nun auch auf<strong><span class=\"has-inline-color has-vivid-cyan-blue-color\">   <a href=\"https:\/\/www.instagram.com\/liederkranz_pohl_goens\/\" target=\"_blank\" rel=\"noreferrer noopener\"> Instagram <\/a><\/span><\/strong> unseren Verein zu pr\u00e4sentieren.<\/p>\n\n\n\n<p>Die Aussichten auf ein baldiges Weiter\u00fcben waren gering. Die Pause wegen Corona sorgte bei etlichen \u00e4lteren S\u00e4nger\/innen f\u00fcr die \u00dcberlegung,&nbsp; mit dem Singen aufzuh\u00f6ren.  <\/p>\n\n\n\n<p>Am 08.06. fanden sich 27 Frauen und 13 M\u00e4nner zu einer Info-Veranstaltung im B\u00fcrgertreff ein. Nach 9 Monaten Pause war das Interesse sehr gro\u00df.&nbsp; Andy zog ein Res\u00fcmee \u00fcber die vergangene Zeit. Er bedankte sich f\u00fcr das Feedback zu den \u00fcbermittelten Noten und Schreiben. Er informierte \u00fcber die (nicht) stattfindenden Veranstaltungen und die stattdessen vorgesehenen Aktionen.  Sein wichtigster Satz lautete:<\/p>\n\n\n\n<p class=\"has-text-align-center\"><strong><span class=\"has-inline-color has-vivid-red-color\">WIR HABEN ALLE ZEIT DER WELT es gibt keine Termine.<\/span><\/strong><\/p>\n\n\n\n<div class=\"wp-block-columns is-layout-flex wp-container-core-columns-is-layout-9d6595d7 wp-block-columns-is-layout-flex\">\n<div class=\"wp-block-column is-layout-flow wp-block-column-is-layout-flow\" style=\"flex-basis:66.66%\">\n<figure class=\"wp-block-image size-large\"><img loading=\"lazy\" decoding=\"async\" width=\"1600\" height=\"1066\" src=\"https:\/\/liederkranz-pohl-goens.de\/wp-content\/uploads\/2021\/07\/BZ-2-1600x1066.jpg\" alt=\"\" class=\"wp-image-7813\" srcset=\"https:\/\/liederkranz-pohl-goens.de\/wp-content\/uploads\/2021\/07\/BZ-2-1600x1066.jpg 1600w, https:\/\/liederkranz-pohl-goens.de\/wp-content\/uploads\/2021\/07\/BZ-2-300x200.jpg 300w, https:\/\/liederkranz-pohl-goens.de\/wp-content\/uploads\/2021\/07\/BZ-2-768x512.jpg 768w, https:\/\/liederkranz-pohl-goens.de\/wp-content\/uploads\/2021\/07\/BZ-2-1536x1024.jpg 1536w, https:\/\/liederkranz-pohl-goens.de\/wp-content\/uploads\/2021\/07\/BZ-2-2048x1365.jpg 2048w, https:\/\/liederkranz-pohl-goens.de\/wp-content\/uploads\/2021\/07\/BZ-2-1000x666.jpg 1000w, https:\/\/liederkranz-pohl-goens.de\/wp-content\/uploads\/2021\/07\/BZ-2-450x300.jpg 450w\" sizes=\"auto, (max-width: 1600px) 100vw, 1600px\" \/><figcaption class=\"wp-element-caption\"><strong><span class=\"has-inline-color has-primary-color\"><span class=\"has-inline-color has-vivid-cyan-blue-color\"><strong>Da ist er nun, unser Assistenz-Chorleiter <\/strong><\/span><\/span><\/strong><\/figcaption><\/figure>\n<\/div>\n<\/div>\n\n\n\n<p>Mit der Liederkranzfamilie tauschte sich der Vorstand \u00fcber die Zukunft und die Zeit nach der Pandemie aus. Alle waren sich einig, dass auf jeden Fall die Leistungsf\u00e4higkeit des Chores beibehalten werden soll: \u201eWir wollen unser K\u00f6nnen weiter ausbauen, an Wettbewerben und Konzerten teilnehmen und nat\u00fcrlich auch weiterhin in unserem Heimatdorf pr\u00e4sent bleiben,\u201c so das Resultat der Aussprache.<\/p>\n\n\n\n<p>Dazu geh\u00f6rt, dass mit Dr. Florian Ilge nun ein personeller Zugang rund um das bew\u00e4hrte Team von Chorleiter Martin Winkler ab sofort gewonnen wurde. Der 29-j\u00e4hrige Kirch-G\u00f6nser Ilge hat an der Musikhochschule Frankfurt studiert und ist Chorleiter verschiedener Laiench\u00f6re und zudem als Organist t\u00e4tig. Ilge hat sehr gro\u00dfes musikalisches Potenzial, dass wir unbedingt im Chor integrieren m\u00f6chten. Dar\u00fcber hinaus ist zu hoffen, dass wir mit ihm auch die j\u00fcngere Generation f\u00fcr die diversen Projekte und den Chor allgemein gewinnen werden. Mit ihm er\u00f6ffnen sich M\u00f6glichkeiten, welche wir zukunftsorientiert einsetzen wollen und damit die Bandbreite der Chorarbeit im Liederkranz weiter kontinuierlich ausbauen,\u201c so Chorleiter Winkler. (Auszug aus dem Artikel in der BZ)<\/p>\n\n\n<div class=\"wp-block-image\">\n<figure class=\"alignleft size-large is-resized\"><img loading=\"lazy\" decoding=\"async\" src=\"https:\/\/liederkranz-pohl-goens.de\/wp-content\/uploads\/2021\/08\/IMG_0083-1058x1600.jpg\" alt=\"\" class=\"wp-image-8401\" width=\"265\" height=\"400\" srcset=\"https:\/\/liederkranz-pohl-goens.de\/wp-content\/uploads\/2021\/08\/IMG_0083-1058x1600.jpg 1058w, https:\/\/liederkranz-pohl-goens.de\/wp-content\/uploads\/2021\/08\/IMG_0083-198x300.jpg 198w, https:\/\/liederkranz-pohl-goens.de\/wp-content\/uploads\/2021\/08\/IMG_0083-768x1161.jpg 768w, https:\/\/liederkranz-pohl-goens.de\/wp-content\/uploads\/2021\/08\/IMG_0083-1016x1536.jpg 1016w, https:\/\/liederkranz-pohl-goens.de\/wp-content\/uploads\/2021\/08\/IMG_0083-1355x2048.jpg 1355w, https:\/\/liederkranz-pohl-goens.de\/wp-content\/uploads\/2021\/08\/IMG_0083.jpg 1413w\" sizes=\"auto, (max-width: 265px) 100vw, 265px\" \/><figcaption class=\"wp-element-caption\"><strong><span class=\"has-inline-color has-vivid-cyan-blue-color\"> <\/span><\/strong><\/figcaption><\/figure>\n<\/div>\n\n\n<p>Seit der Jahreshauptversammlung des Butzbacher Vereinsrings gibt es dort einen neuen Vorsitzenden. Herzlichen Gl\u00fcckwunsch lieber Andy. <\/p>\n\n\n\n<p><\/p>\n\n\n\n<p><\/p>\n\n\n\n<p><\/p>\n\n\n\n<p><\/p>\n\n\n\n<p><\/p>\n\n\n\n<p><\/p>\n\n\n\n<p><\/p>\n\n\n\n<p><\/p>\n\n\n\n<p>Die in der BZ angek\u00fcndigte Jahreshauptversammlung fand am 03.08.21 statt. Dank des sich anschlie\u00dfenden Sommergrillens, war die Beteiligung gro\u00df. <\/p>\n\n\n\n<p>Beim Butzbacher Kultursommer am 28.08.2021 hatten auch wir einen Auftritt. Das Motto war \u201ePohl-G\u00f6ns erobert den Butzbacher Marktplatz.&nbsp;Das Wetter hatte bis zum Abschluss ein Einsehen gehabt.<\/p>\n\n\n\n<figure class=\"wp-block-image size-large\"><img loading=\"lazy\" decoding=\"async\" width=\"1600\" height=\"1428\" src=\"https:\/\/liederkranz-pohl-goens.de\/wp-content\/uploads\/2021\/09\/0C1A29E3-1473-4420-9E82-4471E0E2A777_1_201_a-1600x1428.jpeg\" alt=\"\" class=\"wp-image-8700\" srcset=\"https:\/\/liederkranz-pohl-goens.de\/wp-content\/uploads\/2021\/09\/0C1A29E3-1473-4420-9E82-4471E0E2A777_1_201_a-1600x1428.jpeg 1600w, https:\/\/liederkranz-pohl-goens.de\/wp-content\/uploads\/2021\/09\/0C1A29E3-1473-4420-9E82-4471E0E2A777_1_201_a-300x268.jpeg 300w, https:\/\/liederkranz-pohl-goens.de\/wp-content\/uploads\/2021\/09\/0C1A29E3-1473-4420-9E82-4471E0E2A777_1_201_a-768x686.jpeg 768w, https:\/\/liederkranz-pohl-goens.de\/wp-content\/uploads\/2021\/09\/0C1A29E3-1473-4420-9E82-4471E0E2A777_1_201_a-1536x1371.jpeg 1536w, https:\/\/liederkranz-pohl-goens.de\/wp-content\/uploads\/2021\/09\/0C1A29E3-1473-4420-9E82-4471E0E2A777_1_201_a.jpeg 1688w\" sizes=\"auto, (max-width: 1600px) 100vw, 1600px\" \/><\/figure>\n\n\n\n<figure class=\"wp-block-image size-full is-resized\"><img loading=\"lazy\" decoding=\"async\" src=\"https:\/\/liederkranz-pohl-goens.de\/wp-content\/uploads\/2021\/09\/5079F4A0-4B6B-4E1D-A2A2-9C1E70D50F7A_1_201_a.jpeg\" alt=\"\" class=\"wp-image-8701\" width=\"422\" height=\"315\" srcset=\"https:\/\/liederkranz-pohl-goens.de\/wp-content\/uploads\/2021\/09\/5079F4A0-4B6B-4E1D-A2A2-9C1E70D50F7A_1_201_a.jpeg 1124w, https:\/\/liederkranz-pohl-goens.de\/wp-content\/uploads\/2021\/09\/5079F4A0-4B6B-4E1D-A2A2-9C1E70D50F7A_1_201_a-300x224.jpeg 300w, https:\/\/liederkranz-pohl-goens.de\/wp-content\/uploads\/2021\/09\/5079F4A0-4B6B-4E1D-A2A2-9C1E70D50F7A_1_201_a-768x574.jpeg 768w\" sizes=\"auto, (max-width: 422px) 100vw, 422px\" \/><\/figure>\n\n\n\n<p>F\u00fcr dieses Jahr wurde&nbsp; Martins Dirigenten-Jubil\u00e4umsfeier abgesagt. Nat\u00fcrlich hat der Vorstand es sich nicht nehmen lassen und f\u00fcr eine \u00dcberraschung gesorgt.<\/p>\n\n\n\n<div class=\"wp-block-columns is-layout-flex wp-container-core-columns-is-layout-9d6595d7 wp-block-columns-is-layout-flex\">\n<div class=\"wp-block-column is-layout-flow wp-block-column-is-layout-flow\">\n<figure class=\"wp-block-image size-full\"><img loading=\"lazy\" decoding=\"async\" width=\"968\" height=\"781\" src=\"https:\/\/liederkranz-pohl-goens.de\/wp-content\/uploads\/2021\/09\/50673A55-188B-42E9-9C9A-DD2EC2554C23_1_201_a.jpeg\" alt=\"\" class=\"wp-image-8705\" srcset=\"https:\/\/liederkranz-pohl-goens.de\/wp-content\/uploads\/2021\/09\/50673A55-188B-42E9-9C9A-DD2EC2554C23_1_201_a.jpeg 968w, https:\/\/liederkranz-pohl-goens.de\/wp-content\/uploads\/2021\/09\/50673A55-188B-42E9-9C9A-DD2EC2554C23_1_201_a-300x242.jpeg 300w, https:\/\/liederkranz-pohl-goens.de\/wp-content\/uploads\/2021\/09\/50673A55-188B-42E9-9C9A-DD2EC2554C23_1_201_a-768x620.jpeg 768w\" sizes=\"auto, (max-width: 968px) 100vw, 968px\" \/><figcaption class=\"wp-element-caption\"><strong>&nbsp;Ehren-Chorleiter Helmut Haub und Jubil\u00e4ums-Chorleiter Martin Winkler <\/strong><\/figcaption><\/figure>\n<\/div>\n\n\n\n<div class=\"wp-block-column is-layout-flow wp-block-column-is-layout-flow\">\n<figure class=\"wp-block-image size-large\"><img loading=\"lazy\" decoding=\"async\" width=\"1600\" height=\"1600\" src=\"https:\/\/liederkranz-pohl-goens.de\/wp-content\/uploads\/2021\/09\/AEC07134-DA80-4B6F-9D13-0AEF65FB4FBD-1-1600x1600.jpeg\" alt=\"\" class=\"wp-image-8709\" srcset=\"https:\/\/liederkranz-pohl-goens.de\/wp-content\/uploads\/2021\/09\/AEC07134-DA80-4B6F-9D13-0AEF65FB4FBD-1-1600x1600.jpeg 1600w, https:\/\/liederkranz-pohl-goens.de\/wp-content\/uploads\/2021\/09\/AEC07134-DA80-4B6F-9D13-0AEF65FB4FBD-1-300x300.jpeg 300w, https:\/\/liederkranz-pohl-goens.de\/wp-content\/uploads\/2021\/09\/AEC07134-DA80-4B6F-9D13-0AEF65FB4FBD-1-150x150.jpeg 150w, https:\/\/liederkranz-pohl-goens.de\/wp-content\/uploads\/2021\/09\/AEC07134-DA80-4B6F-9D13-0AEF65FB4FBD-1-768x768.jpeg 768w, https:\/\/liederkranz-pohl-goens.de\/wp-content\/uploads\/2021\/09\/AEC07134-DA80-4B6F-9D13-0AEF65FB4FBD-1-1536x1536.jpeg 1536w, https:\/\/liederkranz-pohl-goens.de\/wp-content\/uploads\/2021\/09\/AEC07134-DA80-4B6F-9D13-0AEF65FB4FBD-1.jpeg 1800w\" sizes=\"auto, (max-width: 1600px) 100vw, 1600px\" \/><\/figure>\n<\/div>\n\n\n\n<div class=\"wp-block-column is-layout-flow wp-block-column-is-layout-flow\">\n<figure class=\"wp-block-image size-large\"><img loading=\"lazy\" decoding=\"async\" width=\"1166\" height=\"1600\" src=\"https:\/\/liederkranz-pohl-goens.de\/wp-content\/uploads\/2021\/09\/B831CF86-FAC4-4C6D-84BA-DF32C2B0FE51-1-1166x1600.jpeg\" alt=\"\" class=\"wp-image-8713\" srcset=\"https:\/\/liederkranz-pohl-goens.de\/wp-content\/uploads\/2021\/09\/B831CF86-FAC4-4C6D-84BA-DF32C2B0FE51-1-1166x1600.jpeg 1166w, https:\/\/liederkranz-pohl-goens.de\/wp-content\/uploads\/2021\/09\/B831CF86-FAC4-4C6D-84BA-DF32C2B0FE51-1-219x300.jpeg 219w, https:\/\/liederkranz-pohl-goens.de\/wp-content\/uploads\/2021\/09\/B831CF86-FAC4-4C6D-84BA-DF32C2B0FE51-1-768x1054.jpeg 768w, https:\/\/liederkranz-pohl-goens.de\/wp-content\/uploads\/2021\/09\/B831CF86-FAC4-4C6D-84BA-DF32C2B0FE51-1-1120x1536.jpeg 1120w, https:\/\/liederkranz-pohl-goens.de\/wp-content\/uploads\/2021\/09\/B831CF86-FAC4-4C6D-84BA-DF32C2B0FE51-1.jpeg 1312w\" sizes=\"auto, (max-width: 1166px) 100vw, 1166px\" \/><\/figure>\n<\/div>\n<\/div>\n\n\n\n<p>Die Zahl der geimpften Personen nimmt auch im Chor zu und wir sind  zum Proben wieder im B\u00fcrgertreff. Da die Sch\u00fctzen  im gleichen Haus ihre Vereinsr\u00e4ume haben, singen wir auch dort, also auf 2 Ebenen. Die letzten 20 Minuten werden meist genutzt, um das Erlernte zusammenzuf\u00fchren. <\/p>\n\n\n\n<figure class=\"wp-block-image size-full is-resized\"><img loading=\"lazy\" decoding=\"async\" src=\"https:\/\/liederkranz-pohl-goens.de\/wp-content\/uploads\/2021\/11\/IMG_0314.jpeg\" alt=\"\" class=\"wp-image-8759\" width=\"363\" height=\"301\" srcset=\"https:\/\/liederkranz-pohl-goens.de\/wp-content\/uploads\/2021\/11\/IMG_0314.jpeg 1247w, https:\/\/liederkranz-pohl-goens.de\/wp-content\/uploads\/2021\/11\/IMG_0314-300x250.jpeg 300w, https:\/\/liederkranz-pohl-goens.de\/wp-content\/uploads\/2021\/11\/IMG_0314-768x639.jpeg 768w\" sizes=\"auto, (max-width: 363px) 100vw, 363px\" \/><\/figure>\n\n\n\n<p>Am 16.11.21 konnten wir die Stimmbildnerin Annette Jahr im B\u00fcrgertreff begr\u00fc\u00dfen. Eine lehrreiche Probe lag vor uns.<\/p>\n\n\n\n<figure class=\"wp-block-image size-full is-resized\"><img loading=\"lazy\" decoding=\"async\" src=\"https:\/\/liederkranz-pohl-goens.de\/wp-content\/uploads\/2021\/11\/Annette-Jahr.jpg\" alt=\"\" class=\"wp-image-8743\" width=\"266\" height=\"355\" srcset=\"https:\/\/liederkranz-pohl-goens.de\/wp-content\/uploads\/2021\/11\/Annette-Jahr.jpg 480w, https:\/\/liederkranz-pohl-goens.de\/wp-content\/uploads\/2021\/11\/Annette-Jahr-225x300.jpg 225w\" sizes=\"auto, (max-width: 266px) 100vw, 266px\" \/><\/figure>\n\n\n\n<p>Nun hat das Virus uns doch wieder ereilt. Die Inzidenz steigt auf \u00fcber 200 und der Vorstand hat beschlossen, dass es sicherer ist nicht mehr zu singen. Wir gehen damit am 23.11.21 in die Winterpause. Wir hoffen im Fr\u00fchjahr mit besseren Zahlen die Proben wieder aufnehmen zu k\u00f6nnen. <\/p>\n\n\n\n<figure class=\"wp-block-image size-large is-resized\"><img loading=\"lazy\" decoding=\"async\" src=\"https:\/\/liederkranz-pohl-goens.de\/wp-content\/uploads\/2021\/12\/AC3244E4-743F-403B-8625-07BAE65CB5A6-1600x1600.jpeg\" alt=\"\" class=\"wp-image-8815\" width=\"528\" height=\"528\" srcset=\"https:\/\/liederkranz-pohl-goens.de\/wp-content\/uploads\/2021\/12\/AC3244E4-743F-403B-8625-07BAE65CB5A6-1600x1600.jpeg 1600w, https:\/\/liederkranz-pohl-goens.de\/wp-content\/uploads\/2021\/12\/AC3244E4-743F-403B-8625-07BAE65CB5A6-300x300.jpeg 300w, https:\/\/liederkranz-pohl-goens.de\/wp-content\/uploads\/2021\/12\/AC3244E4-743F-403B-8625-07BAE65CB5A6-150x150.jpeg 150w, https:\/\/liederkranz-pohl-goens.de\/wp-content\/uploads\/2021\/12\/AC3244E4-743F-403B-8625-07BAE65CB5A6-768x768.jpeg 768w, https:\/\/liederkranz-pohl-goens.de\/wp-content\/uploads\/2021\/12\/AC3244E4-743F-403B-8625-07BAE65CB5A6-1536x1536.jpeg 1536w, https:\/\/liederkranz-pohl-goens.de\/wp-content\/uploads\/2021\/12\/AC3244E4-743F-403B-8625-07BAE65CB5A6.jpeg 1800w\" sizes=\"auto, (max-width: 528px) 100vw, 528px\" \/><\/figure>\n\n\n\n<p class=\"has-text-align-center\">Kurz vor Jahresende wurden wir alle noch einmal mit einem kleinen Dankesch\u00f6n bedacht.<\/p>\n\n\n\n<figure class=\"wp-block-image size-large is-resized\"><img loading=\"lazy\" decoding=\"async\" src=\"https:\/\/liederkranz-pohl-goens.de\/wp-content\/uploads\/2021\/12\/Ein-Leckerli-kurz-vorm-Fest-1200x1600.jpeg\" alt=\"\" class=\"wp-image-8821\" width=\"417\" height=\"556\" srcset=\"https:\/\/liederkranz-pohl-goens.de\/wp-content\/uploads\/2021\/12\/Ein-Leckerli-kurz-vorm-Fest-1200x1600.jpeg 1200w, https:\/\/liederkranz-pohl-goens.de\/wp-content\/uploads\/2021\/12\/Ein-Leckerli-kurz-vorm-Fest-225x300.jpeg 225w, https:\/\/liederkranz-pohl-goens.de\/wp-content\/uploads\/2021\/12\/Ein-Leckerli-kurz-vorm-Fest-768x1024.jpeg 768w, https:\/\/liederkranz-pohl-goens.de\/wp-content\/uploads\/2021\/12\/Ein-Leckerli-kurz-vorm-Fest-1152x1536.jpeg 1152w, https:\/\/liederkranz-pohl-goens.de\/wp-content\/uploads\/2021\/12\/Ein-Leckerli-kurz-vorm-Fest-1536x2048.jpeg 1536w, https:\/\/liederkranz-pohl-goens.de\/wp-content\/uploads\/2021\/12\/Ein-Leckerli-kurz-vorm-Fest-scaled.jpeg 1920w\" sizes=\"auto, (max-width: 417px) 100vw, 417px\" \/><\/figure>\n\n\n\n<h2 style=\"text-align: center;\"><strong>Auf ein gesundes Wiedersehen in 2022<\/strong><\/h2>\n<p><a href=\"https:\/\/liederkranz-pohl-goens.de\/index.php\/chronik\/das-jahr-2022\/\">weiter<\/a><\/p>\n","protected":false},"excerpt":{"rendered":"<p>Auch in 2021 hatten wir noch mit dem Virus zu k\u00e4mpfen. So musste die f\u00fcr M\u00e4rz angesetzte Jahreshauptversammlung abgesagt werden. Auch die Diamantene Hochzeit von Hannelore und Edmund konnte nur aus der Entfernung &#8218;gefeiert&#8216; werden. Das Osterfest fand zum 2. Mal im Lockdown statt. Der Vorstand lie\u00df es sich jedoch<\/p>\n","protected":false},"author":4,"featured_media":0,"parent":76,"menu_order":11,"comment_status":"closed","ping_status":"closed","template":"","meta":{"footnotes":""},"class_list":["post-7972","page","type-page","status-publish","hentry"],"_links":{"self":[{"href":"https:\/\/liederkranz-pohl-goens.de\/index.php\/wp-json\/wp\/v2\/pages\/7972","targetHints":{"allow":["GET"]}}],"collection":[{"href":"https:\/\/liederkranz-pohl-goens.de\/index.php\/wp-json\/wp\/v2\/pages"}],"about":[{"href":"https:\/\/liederkranz-pohl-goens.de\/index.php\/wp-json\/wp\/v2\/types\/page"}],"author":[{"embeddable":true,"href":"https:\/\/liederkranz-pohl-goens.de\/index.php\/wp-json\/wp\/v2\/users\/4"}],"replies":[{"embeddable":true,"href":"https:\/\/liederkranz-pohl-goens.de\/index.php\/wp-json\/wp\/v2\/comments?post=7972"}],"version-history":[{"count":48,"href":"https:\/\/liederkranz-pohl-goens.de\/index.php\/wp-json\/wp\/v2\/pages\/7972\/revisions"}],"predecessor-version":[{"id":11135,"href":"https:\/\/liederkranz-pohl-goens.de\/index.php\/wp-json\/wp\/v2\/pages\/7972\/revisions\/11135"}],"up":[{"embeddable":true,"href":"https:\/\/liederkranz-pohl-goens.de\/index.php\/wp-json\/wp\/v2\/pages\/76"}],"wp:attachment":[{"href":"https:\/\/liederkranz-pohl-goens.de\/index.php\/wp-json\/wp\/v2\/media?parent=7972"}],"curies":[{"name":"wp","href":"https:\/\/api.w.org\/{rel}","templated":true}]}}