{"id":974,"date":"2017-07-31T10:26:11","date_gmt":"2017-07-31T08:26:11","guid":{"rendered":"http:\/\/liederkranz-pohl-goens.de\/?page_id=974"},"modified":"2022-10-23T16:39:48","modified_gmt":"2022-10-23T14:39:48","slug":"das-jahr-2015","status":"publish","type":"page","link":"https:\/\/liederkranz-pohl-goens.de\/index.php\/chronik\/das-jahr-2015\/","title":{"rendered":"Das Jahr 2015"},"content":{"rendered":"<p style=\"text-align: justify;\">Das <b>Jahr 2015<\/b> zeichnete sich durch einen starken Probenbesuch des Liederkranzes aus. So konnten in der letzten Chorprobe des Jahres 12 S\u00e4ngerinnen und S\u00e4nger geehrt werden, die nur zwischen einer und drei Proben vers\u00e4umt haben. Dazu konnte der Chor f\u00fcnf Neuzug\u00e4nge verzeichnen.<\/p>\n<p style=\"text-align: justify;\">Dass nicht immer nur Spa\u00df und Freude im Vordergrund stehen, zeigte der Beginn des Jahres. So musste sich die Liederkranz-Familie mit der Trauer durch den pl\u00f6tzlichen Verlust zweier aktiver S\u00e4nger auseinandersetzen. Gerade diese schweren Gesangsbeitr\u00e4ge auf den Trauerfeiern haben jedoch die Verbundenheit des Chores, auch mit dem Dirigenten, gezeigt und die S\u00e4ngerinnen und S\u00e4nger noch enger zusammengeschwei\u00dft, was zu au\u00dferordentlichen Leistungen f\u00fchrte.<\/p>\n<p>Aber beginnen wir im Fr\u00fchjahr.<\/p>\n<p style=\"text-align: justify;\">Ab Ostern stellte der Gesangverein ein erweitertes Angebot zur Verf\u00fcgung. Zur Optimierung und Vorbereitung f\u00fcr das anstehende Sommerhighlight \u201eSingen und musizieren rund um\u2019s Kreuz\u201c, konnte der Liederkranz die renommierte Stimmbildnerin und Gesangslehrerin Annette von\u00a0 Malek gewinnen. W\u00f6chentlich standen nun abwechselnd den Stimmlagen entsprechend Stimmbildungs-Einheiten auf dem Programm.<\/p>\n<p><img loading=\"lazy\" decoding=\"async\" class=\"size-medium wp-image-999 alignright\" src=\"https:\/\/liederkranz-pohl-goens.de\/wp-content\/uploads\/2017\/07\/Singen-und-Musizieren-169x300.png\" alt=\"\" width=\"169\" height=\"300\" srcset=\"https:\/\/liederkranz-pohl-goens.de\/wp-content\/uploads\/2017\/07\/Singen-und-Musizieren-169x300.png 169w, https:\/\/liederkranz-pohl-goens.de\/wp-content\/uploads\/2017\/07\/Singen-und-Musizieren-577x1024.png 577w, https:\/\/liederkranz-pohl-goens.de\/wp-content\/uploads\/2017\/07\/Singen-und-Musizieren.png 640w\" sizes=\"auto, (max-width: 169px) 100vw, 169px\" \/><\/p>\n<p><img loading=\"lazy\" decoding=\"async\" class=\"size-medium wp-image-996 alignleft\" src=\"https:\/\/liederkranz-pohl-goens.de\/wp-content\/uploads\/2017\/07\/Abend-im-Hof--300x170.jpg\" alt=\"\" width=\"300\" height=\"170\" srcset=\"https:\/\/liederkranz-pohl-goens.de\/wp-content\/uploads\/2017\/07\/Abend-im-Hof--300x170.jpg 300w, https:\/\/liederkranz-pohl-goens.de\/wp-content\/uploads\/2017\/07\/Abend-im-Hof--768x434.jpg 768w, https:\/\/liederkranz-pohl-goens.de\/wp-content\/uploads\/2017\/07\/Abend-im-Hof--1024x579.jpg 1024w, https:\/\/liederkranz-pohl-goens.de\/wp-content\/uploads\/2017\/07\/Abend-im-Hof--960x543.jpg 960w, https:\/\/liederkranz-pohl-goens.de\/wp-content\/uploads\/2017\/07\/Abend-im-Hof-.jpg 1344w\" sizes=\"auto, (max-width: 300px) 100vw, 300px\" \/><\/p>\n<p style=\"text-align: justify;\">Der <strong>Juli<\/strong> wartete mit einem Sommerevent der besonderen Art der Pohl-G\u00f6nser Ortsvereine auf und stand ganz im Zeichen der Musik. So konnte der Gesangverein Liederkranz die anderen musizierenden Vereine, wie das Spielleute-Orchester der freiwilligen Feuerwehr, die Band \u201eWhatever\u201c, die Mundartgruppe \u201eL\u00f6schteichs\u00e4nger\u201c sowie verschiedene Ensembles des Butzbacher Weidig-Gymnasiums gewinnen. An zwei Tagen wurden durch drei idyllischen Fachwerkh\u00f6fen rund um\u2019s Kreuz gewandelt und konzertiert. Ebenso fand traditioneller ein Gottesdienst statt und die Kinder der evangelischen Kindertagesst\u00e4tte \u201eSonnenschein\u201c erfreuten die G\u00e4ste aus Nah und Fern mit einem Beitrag. Erm\u00f6glicht wurde dieser au\u00dfergew\u00f6hnliche und einzigartige Event auch durch die tatkr\u00e4ftige Unterst\u00fctzung aller anderen Ortsvereine, welche die Bewirtung \u00fcbernahmen.<\/p>\n<p style=\"text-align: justify;\">Ein musikalischer Leckerbissen wurde der Bev\u00f6lkerung mit den St. Thomas Singers aus Manila (Philippinen) geboten. Chorleiter Martin Winkler hatte die Gruppe auf einen Abstecher nach Pohl-G\u00f6ns geholt, wo sie Kostproben aus ihrem abwechslungsreichen Repertoire zum Besten gab und das Publikum begeisterte.<\/p>\n<p style=\"text-align: center;\"><a href=\"https:\/\/liederkranz-pohl-goens.de\/index.php\/chronik\/das-jahr-2016\/\">weiter&#8230;.<\/a><\/p>\n<p>&nbsp;<\/p>\n<p>&nbsp;<\/p>\n","protected":false},"excerpt":{"rendered":"<p>Das Jahr 2015 zeichnete sich durch einen starken Probenbesuch des Liederkranzes aus. So konnten in der letzten Chorprobe des Jahres 12 S\u00e4ngerinnen und S\u00e4nger geehrt werden, die nur zwischen einer und drei Proben vers\u00e4umt haben. Dazu konnte der Chor f\u00fcnf Neuzug\u00e4nge verzeichnen. Dass nicht immer nur Spa\u00df und Freude im<\/p>\n","protected":false},"author":4,"featured_media":0,"parent":76,"menu_order":5,"comment_status":"closed","ping_status":"closed","template":"","meta":{"footnotes":""},"class_list":["post-974","page","type-page","status-publish","hentry"],"_links":{"self":[{"href":"https:\/\/liederkranz-pohl-goens.de\/index.php\/wp-json\/wp\/v2\/pages\/974","targetHints":{"allow":["GET"]}}],"collection":[{"href":"https:\/\/liederkranz-pohl-goens.de\/index.php\/wp-json\/wp\/v2\/pages"}],"about":[{"href":"https:\/\/liederkranz-pohl-goens.de\/index.php\/wp-json\/wp\/v2\/types\/page"}],"author":[{"embeddable":true,"href":"https:\/\/liederkranz-pohl-goens.de\/index.php\/wp-json\/wp\/v2\/users\/4"}],"replies":[{"embeddable":true,"href":"https:\/\/liederkranz-pohl-goens.de\/index.php\/wp-json\/wp\/v2\/comments?post=974"}],"version-history":[{"count":39,"href":"https:\/\/liederkranz-pohl-goens.de\/index.php\/wp-json\/wp\/v2\/pages\/974\/revisions"}],"predecessor-version":[{"id":4264,"href":"https:\/\/liederkranz-pohl-goens.de\/index.php\/wp-json\/wp\/v2\/pages\/974\/revisions\/4264"}],"up":[{"embeddable":true,"href":"https:\/\/liederkranz-pohl-goens.de\/index.php\/wp-json\/wp\/v2\/pages\/76"}],"wp:attachment":[{"href":"https:\/\/liederkranz-pohl-goens.de\/index.php\/wp-json\/wp\/v2\/media?parent=974"}],"curies":[{"name":"wp","href":"https:\/\/api.w.org\/{rel}","templated":true}]}}